{"id":2807,"date":"2025-08-19T08:03:09","date_gmt":"2025-08-19T07:03:09","guid":{"rendered":"https:\/\/padellounge.dk\/?page_id=2807"},"modified":"2025-10-02T10:36:35","modified_gmt":"2025-10-02T09:36:35","slug":"sponsorater","status":"publish","type":"page","link":"https:\/\/padellounge.dk\/en\/sponsorater\/","title":{"rendered":"Sponsorships"},"content":{"rendered":"<div data-elementor-type=\"wp-page\" data-elementor-id=\"2807\" class=\"elementor elementor-2807\" data-elementor-post-type=\"page\">\n\t\t\t\t<div class=\"elementor-element elementor-element-fb62d1b e-con-full e-flex e-con e-parent\" data-id=\"fb62d1b\" data-element_type=\"container\" data-e-type=\"container\" data-settings=\"{&quot;background_background&quot;:&quot;classic&quot;}\">\n\t\t\t\t<div class=\"elementor-element elementor-element-c732a88 elementor-widget elementor-widget-heading\" data-id=\"c732a88\" data-element_type=\"widget\" data-e-type=\"widget\" data-widget_type=\"heading.default\">\n\t\t\t\t<div class=\"elementor-widget-container\">\n\t\t\t\t\t<h3 class=\"elementor-heading-title elementor-size-default\">Become a sponsor with us<\/h3>\t\t\t\t<\/div>\n\t\t\t\t<\/div>\n\t\t\t\t<\/div>\n\t\t\t\t<section class=\"elementor-section elementor-top-section elementor-element elementor-element-5e95b0e elementor-section-boxed elementor-section-height-default elementor-section-height-default\" data-id=\"5e95b0e\" data-element_type=\"section\" data-e-type=\"section\" data-settings=\"{&quot;background_background&quot;:&quot;classic&quot;}\">\n\t\t\t\t\t\t<div class=\"elementor-container elementor-column-gap-default\">\n\t\t\t\t\t<div class=\"elementor-column elementor-col-100 elementor-top-column elementor-element elementor-element-3542dc0\" data-id=\"3542dc0\" data-element_type=\"column\" data-e-type=\"column\">\n\t\t\t<div class=\"elementor-widget-wrap elementor-element-populated\">\n\t\t\t\t\t\t<div class=\"elementor-element elementor-element-96a4de9 elementor-align-center elementor-icon-list--layout-traditional elementor-list-item-link-full_width elementor-widget elementor-widget-icon-list\" data-id=\"96a4de9\" data-element_type=\"widget\" data-e-type=\"widget\" data-widget_type=\"icon-list.default\">\n\t\t\t\t<div class=\"elementor-widget-container\">\n\t\t\t\t\t\t\t<ul class=\"elementor-icon-list-items\">\n\t\t\t\t\t\t\t<li class=\"elementor-icon-list-item\">\n\t\t\t\t\t\t\t\t\t\t\t<span class=\"elementor-icon-list-icon\">\n\t\t\t\t\t\t\t<svg xmlns=\"http:\/\/www.w3.org\/2000\/svg\" viewbox=\"0 0 247.57 247.56\"><defs><style>.d{fill:#8dc63f;}<\/style><\/defs><g id=\"a\"><\/g><g id=\"b\"><g id=\"c\"><g><path class=\"d\" d=\"M118.11,27.02c0,14.91-12.09,26.99-27,26.99s-27.01-12.08-27.01-26.99S76.19,0,91.11,0s27,12.09,27,27.02Z\"><\/path><path class=\"d\" d=\"M183.2,27.02c0,14.91-12.09,26.99-27.02,26.99s-26.99-12.08-26.99-26.99S141.28,0,156.19,0s27.02,12.09,27.02,27.02Z\"><\/path><path class=\"d\" d=\"M118.11,220.55c0,14.91-12.09,27.01-27,27.01s-27.01-12.09-27.01-27.01,12.1-27,27.01-27,27,12.09,27,27Z\"><\/path><path class=\"d\" d=\"M183.2,220.55c0,14.91-12.09,27.01-27.02,27.01s-26.99-12.09-26.99-27.01,12.09-27,26.99-27,27.02,12.09,27.02,27Z\"><\/path><path class=\"d\" d=\"M118.11,91.04c0,14.91-12.09,27.01-27,27.01s-27.01-12.09-27.01-27.01,12.08-27.02,27.01-27.02,27,12.11,27,27.02Z\"><\/path><path class=\"d\" d=\"M183.2,91.04c0,14.91-12.09,27.01-27.02,27.01s-26.99-12.09-26.99-27.01,12.09-27.02,26.99-27.02,27.02,12.11,27.02,27.02Z\"><\/path><path class=\"d\" d=\"M118.11,156.11c0,14.91-12.09,27.02-27,27.02s-27.01-12.1-27.01-27.02,12.08-27.01,27.01-27.01,27,12.09,27,27.01Z\"><\/path><path class=\"d\" d=\"M183.2,156.11c0,14.91-12.09,27.02-27.02,27.02s-26.99-12.1-26.99-27.02,12.09-27.01,26.99-27.01,27.02,12.09,27.02,27.01Z\"><\/path><path class=\"d\" d=\"M27,129.13c14.91,0,27.01,12.09,27.01,27.02s-12.1,27.01-27.01,27.01S0,171.07,0,156.14s12.09-27.02,27-27.02Z\"><\/path><path class=\"d\" d=\"M27,64.03c14.91,0,27.01,12.11,27.01,27.02s-12.1,27.01-27.01,27.01S0,105.96,0,91.04s12.09-27.02,27-27.02Z\"><\/path><path class=\"d\" d=\"M220.56,129.13c14.92,0,27.01,12.09,27.01,27.02s-12.08,27.01-27.01,27.01-27.01-12.08-27.01-27.01,12.08-27.02,27.01-27.02Z\"><\/path><path class=\"d\" d=\"M220.56,64.03c14.92,0,27.01,12.11,27.01,27.02s-12.08,27.01-27.01,27.01-27.01-12.09-27.01-27.01,12.08-27.02,27.01-27.02Z\"><\/path><\/g><\/g><\/g><\/svg>\t\t\t\t\t\t<\/span>\n\t\t\t\t\t\t\t\t\t\t<span class=\"elementor-icon-list-text\">BECOME A SPONSOR TODAY<\/span>\n\t\t\t\t\t\t\t\t\t<\/li>\n\t\t\t\t\t\t<\/ul>\n\t\t\t\t\t\t<\/div>\n\t\t\t\t<\/div>\n\t\t\t\t<div class=\"elementor-element elementor-element-0ef70b7 elementor-widget elementor-widget-heading\" data-id=\"0ef70b7\" data-element_type=\"widget\" data-e-type=\"widget\" data-widget_type=\"heading.default\">\n\t\t\t\t<div class=\"elementor-widget-container\">\n\t\t\t\t\t<h2 class=\"elementor-heading-title elementor-size-default\">Our sponsorships and packages<\/h2>\t\t\t\t<\/div>\n\t\t\t\t<\/div>\n\t\t<div class=\"elementor-element elementor-element-3f52af0 e-flex e-con-boxed e-con e-parent\" data-id=\"3f52af0\" data-element_type=\"container\" data-e-type=\"container\">\n\t\t\t\t\t<div class=\"e-con-inner\">\n\t\t<div class=\"elementor-element elementor-element-5c1028d e-con-full e-flex e-con e-child\" data-id=\"5c1028d\" data-element_type=\"container\" data-e-type=\"container\">\n\t\t\t\t<div class=\"elementor-element elementor-element-d83a38d elementor-widget elementor-widget-heading\" data-id=\"d83a38d\" data-element_type=\"widget\" data-e-type=\"widget\" data-widget_type=\"heading.default\">\n\t\t\t\t<div class=\"elementor-widget-container\">\n\t\t\t\t\t<h2 class=\"elementor-heading-title elementor-size-default\">BRONZE PACKAGES<\/h2>\t\t\t\t<\/div>\n\t\t\t\t<\/div>\n\t\t\t\t<div class=\"elementor-element elementor-element-b411697 elementor-widget elementor-widget-image\" data-id=\"b411697\" data-element_type=\"widget\" data-e-type=\"widget\" data-widget_type=\"image.default\">\n\t\t\t\t<div class=\"elementor-widget-container\">\n\t\t\t\t\t\t\t\t\t\t\t\t\t\t\t<img fetchpriority=\"high\" decoding=\"async\" width=\"276\" height=\"400\" src=\"https:\/\/eq53msgqj8e.exactdn.com\/wp-content\/uploads\/2025\/08\/bronze.png?strip=all\" class=\"attachment-large size-large wp-image-2814\" alt=\"Bronzemedalje med r\u00f8dt b\u00e5nd og laurb\u00e6rkrans\" srcset=\"https:\/\/eq53msgqj8e.exactdn.com\/wp-content\/uploads\/2025\/08\/bronze.png?strip=all 276w, https:\/\/eq53msgqj8e.exactdn.com\/wp-content\/uploads\/2025\/08\/bronze-207x300.png?strip=all 207w, https:\/\/eq53msgqj8e.exactdn.com\/wp-content\/uploads\/2025\/08\/bronze.png?strip=all&amp;w=55 55w, https:\/\/eq53msgqj8e.exactdn.com\/wp-content\/uploads\/2025\/08\/bronze.png?strip=all&amp;w=110 110w\" sizes=\"(max-width: 276px) 100vw, 276px\" \/>\t\t\t\t\t\t\t\t\t\t\t\t\t\t\t<\/div>\n\t\t\t\t<\/div>\n\t\t\t\t<\/div>\n\t\t<div class=\"elementor-element elementor-element-25bcd0c e-con-full e-flex e-con e-child\" data-id=\"25bcd0c\" data-element_type=\"container\" data-e-type=\"container\">\n\t\t\t\t<div class=\"elementor-element elementor-element-48fb0a7 elementor-widget elementor-widget-text-editor\" data-id=\"48fb0a7\" data-element_type=\"widget\" data-e-type=\"widget\" data-widget_type=\"text-editor.default\">\n\t\t\t\t<div class=\"elementor-widget-container\">\n\t\t\t\t\t\t\t\t\t<p>Get visible with our\u00a0<strong>Bronze package<\/strong>\u00a0and get exposure at the entrance to the Padel Lounge. With this package you get:<\/p><ul><li><strong>Logo at the entrance<\/strong>\u00a0- Increase your visibility among players and visitors<\/li><li><strong>1,750 coins<\/strong>\u00a0for booking and networking activities<\/li><li><strong>Duration:<\/strong>\u00a012 months<\/li><li><strong>Price:<\/strong>\u00a0DKK 3,500 (+DKK 999 in setup)<\/li><\/ul><p>Few\u00a0<strong>Bronze suits<\/strong>\u00a0as a sponsor for only\u00a0<strong>DKK 4,499 excl. VAT<\/strong>.<\/p>\t\t\t\t\t\t\t\t<\/div>\n\t\t\t\t<\/div>\n\t\t\t\t<div class=\"elementor-element elementor-element-6466ddc elementor-align-left elementor-widget__width-inherit elementor-widget elementor-widget-button\" data-id=\"6466ddc\" data-element_type=\"widget\" data-e-type=\"widget\" data-widget_type=\"button.default\">\n\t\t\t\t<div class=\"elementor-widget-container\">\n\t\t\t\t\t\t\t\t\t<div class=\"elementor-button-wrapper\">\n\t\t\t\t\t<a class=\"elementor-button elementor-button-link elementor-size-sm elementor-animation-shrink\" href=\"https:\/\/padellounge.halbooking.dk\/newlook\/proc_varer.asp?gruppe=7\">\n\t\t\t\t\t\t<span class=\"elementor-button-content-wrapper\">\n\t\t\t\t\t\t<span class=\"elementor-button-icon\">\n\t\t\t\t<i aria-hidden=\"true\" class=\"fas fa-external-link-alt\"><\/i>\t\t\t<\/span>\n\t\t\t\t\t\t\t\t\t<span class=\"elementor-button-text\">READ MORE &amp; ORDER<\/span>\n\t\t\t\t\t<\/span>\n\t\t\t\t\t<\/a>\n\t\t\t\t<\/div>\n\t\t\t\t\t\t\t\t<\/div>\n\t\t\t\t<\/div>\n\t\t\t\t<\/div>\n\t\t\t\t\t<\/div>\n\t\t\t\t<\/div>\n\t\t<div class=\"elementor-element elementor-element-faff8fb e-flex e-con-boxed e-con e-parent\" data-id=\"faff8fb\" data-element_type=\"container\" data-e-type=\"container\">\n\t\t\t\t\t<div class=\"e-con-inner\">\n\t\t<div class=\"elementor-element elementor-element-f68af70 e-con-full e-flex e-con e-child\" data-id=\"f68af70\" data-element_type=\"container\" data-e-type=\"container\">\n\t\t\t\t<div class=\"elementor-element elementor-element-e18a97d elementor-widget elementor-widget-heading\" data-id=\"e18a97d\" data-element_type=\"widget\" data-e-type=\"widget\" data-widget_type=\"heading.default\">\n\t\t\t\t<div class=\"elementor-widget-container\">\n\t\t\t\t\t<h2 class=\"elementor-heading-title elementor-size-default\">THE SILVER PACKAGE<\/h2>\t\t\t\t<\/div>\n\t\t\t\t<\/div>\n\t\t\t\t<div class=\"elementor-element elementor-element-88daf53 elementor-widget elementor-widget-image\" data-id=\"88daf53\" data-element_type=\"widget\" data-e-type=\"widget\" data-widget_type=\"image.default\">\n\t\t\t\t<div class=\"elementor-widget-container\">\n\t\t\t\t\t\t\t\t\t\t\t\t\t\t\t<img decoding=\"async\" width=\"276\" height=\"400\" src=\"https:\/\/eq53msgqj8e.exactdn.com\/wp-content\/uploads\/2025\/08\/soelv.png?strip=all\" class=\"attachment-large size-large wp-image-2813\" alt=\"S\u00f8lvmedalje med r\u00f8dt b\u00e5nd\" srcset=\"https:\/\/eq53msgqj8e.exactdn.com\/wp-content\/uploads\/2025\/08\/soelv.png?strip=all 276w, https:\/\/eq53msgqj8e.exactdn.com\/wp-content\/uploads\/2025\/08\/soelv-207x300.png?strip=all 207w, https:\/\/eq53msgqj8e.exactdn.com\/wp-content\/uploads\/2025\/08\/soelv.png?strip=all&amp;w=55 55w, https:\/\/eq53msgqj8e.exactdn.com\/wp-content\/uploads\/2025\/08\/soelv.png?strip=all&amp;w=110 110w\" sizes=\"(max-width: 276px) 100vw, 276px\" \/>\t\t\t\t\t\t\t\t\t\t\t\t\t\t\t<\/div>\n\t\t\t\t<\/div>\n\t\t\t\t<\/div>\n\t\t<div class=\"elementor-element elementor-element-5e0ae46 e-con-full e-flex e-con e-child\" data-id=\"5e0ae46\" data-element_type=\"container\" data-e-type=\"container\">\n\t\t\t\t<div class=\"elementor-element elementor-element-79d7815 elementor-widget elementor-widget-text-editor\" data-id=\"79d7815\" data-element_type=\"widget\" data-e-type=\"widget\" data-widget_type=\"text-editor.default\">\n\t\t\t\t<div class=\"elementor-widget-container\">\n\t\t\t\t\t\t\t\t\t<p>Increase your visibility with our\u00a0<strong>Silver pack<\/strong>\u00a0and get maximum exposure in our centres with an eye-catching banner. With this package you get:<\/p><ul><li><strong>2\u00d72 metre banner<\/strong>\u00a0- Showcase your business in the centre of our facilities<\/li><li><strong>3,250 coins<\/strong>\u00a0for booking and networking activities<\/li><li><strong>Duration:<\/strong>\u00a012 months<\/li><li><strong>Price:<\/strong>\u00a06,500 DKK (+2,499 DKK in setup)<\/li><\/ul><p>Few\u00a0<strong>The silver package<\/strong>\u00a0as a sponsor for only\u00a0<strong>8,999 kr. excl. VAT<\/strong>.<\/p>\t\t\t\t\t\t\t\t<\/div>\n\t\t\t\t<\/div>\n\t\t\t\t<div class=\"elementor-element elementor-element-e4acff8 elementor-align-left elementor-widget__width-inherit elementor-widget elementor-widget-button\" data-id=\"e4acff8\" data-element_type=\"widget\" data-e-type=\"widget\" data-widget_type=\"button.default\">\n\t\t\t\t<div class=\"elementor-widget-container\">\n\t\t\t\t\t\t\t\t\t<div class=\"elementor-button-wrapper\">\n\t\t\t\t\t<a class=\"elementor-button elementor-button-link elementor-size-sm elementor-animation-shrink\" href=\"https:\/\/padellounge.halbooking.dk\/newlook\/proc_varer.asp?gruppe=7\">\n\t\t\t\t\t\t<span class=\"elementor-button-content-wrapper\">\n\t\t\t\t\t\t<span class=\"elementor-button-icon\">\n\t\t\t\t<i aria-hidden=\"true\" class=\"fas fa-external-link-alt\"><\/i>\t\t\t<\/span>\n\t\t\t\t\t\t\t\t\t<span class=\"elementor-button-text\">READ MORE &amp; ORDER<\/span>\n\t\t\t\t\t<\/span>\n\t\t\t\t\t<\/a>\n\t\t\t\t<\/div>\n\t\t\t\t\t\t\t\t<\/div>\n\t\t\t\t<\/div>\n\t\t\t\t<\/div>\n\t\t\t\t\t<\/div>\n\t\t\t\t<\/div>\n\t\t<div class=\"elementor-element elementor-element-256aaec e-flex e-con-boxed e-con e-parent\" data-id=\"256aaec\" data-element_type=\"container\" data-e-type=\"container\">\n\t\t\t\t\t<div class=\"e-con-inner\">\n\t\t<div class=\"elementor-element elementor-element-94c0083 e-con-full e-flex e-con e-child\" data-id=\"94c0083\" data-element_type=\"container\" data-e-type=\"container\">\n\t\t\t\t<div class=\"elementor-element elementor-element-1a11155 elementor-widget elementor-widget-heading\" data-id=\"1a11155\" data-element_type=\"widget\" data-e-type=\"widget\" data-widget_type=\"heading.default\">\n\t\t\t\t<div class=\"elementor-widget-container\">\n\t\t\t\t\t<h2 class=\"elementor-heading-title elementor-size-default\">THE GOLD PACKAGE<\/h2>\t\t\t\t<\/div>\n\t\t\t\t<\/div>\n\t\t\t\t<div class=\"elementor-element elementor-element-a547b65 elementor-widget elementor-widget-image\" data-id=\"a547b65\" data-element_type=\"widget\" data-e-type=\"widget\" data-widget_type=\"image.default\">\n\t\t\t\t<div class=\"elementor-widget-container\">\n\t\t\t\t\t\t\t\t\t\t\t\t\t\t\t<img decoding=\"async\" width=\"276\" height=\"400\" src=\"https:\/\/eq53msgqj8e.exactdn.com\/wp-content\/uploads\/2025\/08\/guld.png?strip=all\" class=\"attachment-large size-large wp-image-2812\" alt=\"Gyldent prisb\u00e5nd med r\u00f8de b\u00e5nd og laurb\u00e6rkrans\" srcset=\"https:\/\/eq53msgqj8e.exactdn.com\/wp-content\/uploads\/2025\/08\/guld.png?strip=all 276w, https:\/\/eq53msgqj8e.exactdn.com\/wp-content\/uploads\/2025\/08\/guld-207x300.png?strip=all 207w, https:\/\/eq53msgqj8e.exactdn.com\/wp-content\/uploads\/2025\/08\/guld.png?strip=all&amp;w=55 55w, https:\/\/eq53msgqj8e.exactdn.com\/wp-content\/uploads\/2025\/08\/guld.png?strip=all&amp;w=110 110w\" sizes=\"(max-width: 276px) 100vw, 276px\" \/>\t\t\t\t\t\t\t\t\t\t\t\t\t\t\t<\/div>\n\t\t\t\t<\/div>\n\t\t\t\t<\/div>\n\t\t<div class=\"elementor-element elementor-element-55a9edd e-con-full e-flex e-con e-child\" data-id=\"55a9edd\" data-element_type=\"container\" data-e-type=\"container\">\n\t\t\t\t<div class=\"elementor-element elementor-element-4e145b7 elementor-widget elementor-widget-text-editor\" data-id=\"4e145b7\" data-element_type=\"widget\" data-e-type=\"widget\" data-widget_type=\"text-editor.default\">\n\t\t\t\t<div class=\"elementor-widget-container\">\n\t\t\t\t\t\t\t\t\t<p>Maximise visibility with our\u00a0<strong>Gold package<\/strong>\u00a0- The ultimate solution for companies that want strong exposure in the padel community. With this package you get:<\/p><ul><li><strong>Logo on booking page<\/strong>\u00a0- Increase your visibility directly when players book courts<\/li><li><strong>10 logos distributed on tracks<\/strong>\u00a0- Make your brand visible during the game<\/li><li><strong>9,250 coins<\/strong>\u00a0for booking and networking activities<\/li><li><strong>Duration:<\/strong>\u00a012 months<\/li><li><strong>Price:<\/strong>\u00a018,500 DKK (+3,999 DKK in setup)<\/li><\/ul><p>Few\u00a0<strong>The gold package<\/strong>\u00a0as a sponsor for only\u00a0<strong>22,499 kr. excl. VAT<\/strong>.<\/p>\t\t\t\t\t\t\t\t<\/div>\n\t\t\t\t<\/div>\n\t\t\t\t<div class=\"elementor-element elementor-element-51ee809 elementor-align-left elementor-widget__width-inherit elementor-widget elementor-widget-button\" data-id=\"51ee809\" data-element_type=\"widget\" data-e-type=\"widget\" data-widget_type=\"button.default\">\n\t\t\t\t<div class=\"elementor-widget-container\">\n\t\t\t\t\t\t\t\t\t<div class=\"elementor-button-wrapper\">\n\t\t\t\t\t<a class=\"elementor-button elementor-button-link elementor-size-sm elementor-animation-shrink\" href=\"https:\/\/padellounge.halbooking.dk\/newlook\/proc_varer.asp?gruppe=7\">\n\t\t\t\t\t\t<span class=\"elementor-button-content-wrapper\">\n\t\t\t\t\t\t<span class=\"elementor-button-icon\">\n\t\t\t\t<i aria-hidden=\"true\" class=\"fas fa-external-link-alt\"><\/i>\t\t\t<\/span>\n\t\t\t\t\t\t\t\t\t<span class=\"elementor-button-text\">READ MORE &amp; ORDER<\/span>\n\t\t\t\t\t<\/span>\n\t\t\t\t\t<\/a>\n\t\t\t\t<\/div>\n\t\t\t\t\t\t\t\t<\/div>\n\t\t\t\t<\/div>\n\t\t\t\t<\/div>\n\t\t\t\t\t<\/div>\n\t\t\t\t<\/div>\n\t\t\t\t\t<\/div>\n\t\t<\/div>\n\t\t\t\t\t<\/div>\n\t\t<\/section>\n\t\t\t\t<\/div>","protected":false},"excerpt":{"rendered":"<p>Bliv sponsor hos os BLIV SPONSOR I DAG Vores sponsorater- og pakker BRONZEPAKKEN Bliv synlig med vores\u00a0Bronzepakke\u00a0og f\u00e5 eksponering ved indgangen til Padel Lounge. Med denne pakke f\u00e5r du: Logo ved indgang\u00a0\u2013 \u00d8g din synlighed blandt spillere og bes\u00f8gende 1.750 coins\u00a0til booking og netv\u00e6rksaktiviteter Varighed:\u00a012 m\u00e5neder Pris:\u00a03.500 kr. (+999 kr. i ops\u00e6tning) F\u00e5\u00a0Bronzepakken\u00a0som sponsor for [&hellip;]<\/p>\n","protected":false},"author":1,"featured_media":0,"parent":0,"menu_order":0,"comment_status":"closed","ping_status":"closed","template":"elementor_header_footer","meta":{"_seopress_robots_primary_cat":"","_seopress_titles_title":"Bliv sponsor i dag og \u00f8g din synlighed hos Padel Lounge","_seopress_titles_desc":"V\u00e6lg Bronzepakken, S\u00f8lvpakken eller Guldpakken og f\u00e5 maksimal eksponering som sponsor i padelmilj\u00f8et. Bliv sponsor i dag!","_seopress_robots_index":"","footnotes":""},"class_list":["post-2807","page","type-page","status-publish","hentry"],"_links":{"self":[{"href":"https:\/\/padellounge.dk\/en\/wp-json\/wp\/v2\/pages\/2807","targetHints":{"allow":["GET"]}}],"collection":[{"href":"https:\/\/padellounge.dk\/en\/wp-json\/wp\/v2\/pages"}],"about":[{"href":"https:\/\/padellounge.dk\/en\/wp-json\/wp\/v2\/types\/page"}],"author":[{"embeddable":true,"href":"https:\/\/padellounge.dk\/en\/wp-json\/wp\/v2\/users\/1"}],"replies":[{"embeddable":true,"href":"https:\/\/padellounge.dk\/en\/wp-json\/wp\/v2\/comments?post=2807"}],"version-history":[{"count":7,"href":"https:\/\/padellounge.dk\/en\/wp-json\/wp\/v2\/pages\/2807\/revisions"}],"predecessor-version":[{"id":5313,"href":"https:\/\/padellounge.dk\/en\/wp-json\/wp\/v2\/pages\/2807\/revisions\/5313"}],"wp:attachment":[{"href":"https:\/\/padellounge.dk\/en\/wp-json\/wp\/v2\/media?parent=2807"}],"curies":[{"name":"wp","href":"https:\/\/api.w.org\/{rel}","templated":true}]}}