{"id":5239,"date":"2025-09-30T08:29:19","date_gmt":"2025-09-30T07:29:19","guid":{"rendered":"https:\/\/padellounge.dk\/?page_id=5239"},"modified":"2025-09-30T08:32:05","modified_gmt":"2025-09-30T07:32:05","slug":"jobmulighed-hos-padel-lounge","status":"publish","type":"page","link":"https:\/\/padellounge.dk\/en\/jobmulighed-hos-padel-lounge\/","title":{"rendered":"Job opportunity at Padel Lounge"},"content":{"rendered":"<div data-elementor-type=\"wp-page\" data-elementor-id=\"5239\" class=\"elementor elementor-5239\" data-elementor-post-type=\"page\">\n\t\t\t\t<div class=\"elementor-element elementor-element-5442269 e-con-full e-flex e-con e-parent\" data-id=\"5442269\" data-element_type=\"container\" data-e-type=\"container\" data-settings=\"{&quot;background_background&quot;:&quot;classic&quot;}\">\n\t\t\t\t<div class=\"elementor-element elementor-element-c6ade3f elementor-widget elementor-widget-heading\" data-id=\"c6ade3f\" data-element_type=\"widget\" data-e-type=\"widget\" data-widget_type=\"heading.default\">\n\t\t\t\t<div class=\"elementor-widget-container\">\n\t\t\t\t\t<h2 class=\"elementor-heading-title elementor-size-default\">Would you like a job at Padel Lounge? <\/h2>\t\t\t\t<\/div>\n\t\t\t\t<\/div>\n\t\t\t\t<div class=\"elementor-element elementor-element-8e84b31 elementor-widget elementor-widget-heading\" data-id=\"8e84b31\" data-element_type=\"widget\" data-e-type=\"widget\" data-widget_type=\"heading.default\">\n\t\t\t\t<div class=\"elementor-widget-container\">\n\t\t\t\t\t<h3 class=\"elementor-heading-title elementor-size-default\">Job opportunity at Padel Lounge<\/h3>\t\t\t\t<\/div>\n\t\t\t\t<\/div>\n\t\t\t\t<div class=\"elementor-element elementor-element-3800b60 elementor-widget__width-initial elementor-widget-tablet__width-auto elementor-widget elementor-widget-text-editor\" data-id=\"3800b60\" data-element_type=\"widget\" data-e-type=\"widget\" data-widget_type=\"text-editor.default\">\n\t\t\t\t<div class=\"elementor-widget-container\">\n\t\t\t\t\t\t\t\t\t<p>Padel Lounge is looking for committed and determined individuals who want to join our team and take responsibility for the daily operations in one of our centres.<br \/>We offer a responsible role in one of Denmark's most dynamic padel chains, where you will have the opportunity to make your mark on everyday life - both in terms of customer service, environment and economic development.<br \/>You will be an important part of a young and energetic team with a passion for the sport and for giving our customers a great experience - both on and off the pitch.<br \/><br \/><strong>If you're interested in working at Padel Lounge, we're always ready to talk to you.<\/strong><\/p>\t\t\t\t\t\t\t\t<\/div>\n\t\t\t\t<\/div>\n\t\t\t\t<\/div>\n\t\t<div class=\"elementor-element elementor-element-42ab416 e-flex e-con-boxed e-con e-parent\" data-id=\"42ab416\" data-element_type=\"container\" data-e-type=\"container\" data-settings=\"{&quot;background_background&quot;:&quot;classic&quot;}\">\n\t\t\t\t\t<div class=\"e-con-inner\">\n\t\t\t\t<div class=\"elementor-element elementor-element-6dd4c4f elementor-align-start elementor-icon-list--layout-traditional elementor-list-item-link-full_width elementor-widget elementor-widget-icon-list\" data-id=\"6dd4c4f\" data-element_type=\"widget\" data-e-type=\"widget\" data-widget_type=\"icon-list.default\">\n\t\t\t\t<div class=\"elementor-widget-container\">\n\t\t\t\t\t\t\t<ul class=\"elementor-icon-list-items\">\n\t\t\t\t\t\t\t<li class=\"elementor-icon-list-item\">\n\t\t\t\t\t\t\t\t\t\t\t<span class=\"elementor-icon-list-icon\">\n\t\t\t\t\t\t\t<svg xmlns=\"http:\/\/www.w3.org\/2000\/svg\" viewbox=\"0 0 247.57 247.56\"><defs><style>.d{fill:#8dc63f;}<\/style><\/defs><g id=\"a\"><\/g><g id=\"b\"><g id=\"c\"><g><path class=\"d\" d=\"M118.11,27.02c0,14.91-12.09,26.99-27,26.99s-27.01-12.08-27.01-26.99S76.19,0,91.11,0s27,12.09,27,27.02Z\"><\/path><path class=\"d\" d=\"M183.2,27.02c0,14.91-12.09,26.99-27.02,26.99s-26.99-12.08-26.99-26.99S141.28,0,156.19,0s27.02,12.09,27.02,27.02Z\"><\/path><path class=\"d\" d=\"M118.11,220.55c0,14.91-12.09,27.01-27,27.01s-27.01-12.09-27.01-27.01,12.1-27,27.01-27,27,12.09,27,27Z\"><\/path><path class=\"d\" d=\"M183.2,220.55c0,14.91-12.09,27.01-27.02,27.01s-26.99-12.09-26.99-27.01,12.09-27,26.99-27,27.02,12.09,27.02,27Z\"><\/path><path class=\"d\" d=\"M118.11,91.04c0,14.91-12.09,27.01-27,27.01s-27.01-12.09-27.01-27.01,12.08-27.02,27.01-27.02,27,12.11,27,27.02Z\"><\/path><path class=\"d\" d=\"M183.2,91.04c0,14.91-12.09,27.01-27.02,27.01s-26.99-12.09-26.99-27.01,12.09-27.02,26.99-27.02,27.02,12.11,27.02,27.02Z\"><\/path><path class=\"d\" d=\"M118.11,156.11c0,14.91-12.09,27.02-27,27.02s-27.01-12.1-27.01-27.02,12.08-27.01,27.01-27.01,27,12.09,27,27.01Z\"><\/path><path class=\"d\" d=\"M183.2,156.11c0,14.91-12.09,27.02-27.02,27.02s-26.99-12.1-26.99-27.02,12.09-27.01,26.99-27.01,27.02,12.09,27.02,27.01Z\"><\/path><path class=\"d\" d=\"M27,129.13c14.91,0,27.01,12.09,27.01,27.02s-12.1,27.01-27.01,27.01S0,171.07,0,156.14s12.09-27.02,27-27.02Z\"><\/path><path class=\"d\" d=\"M27,64.03c14.91,0,27.01,12.11,27.01,27.02s-12.1,27.01-27.01,27.01S0,105.96,0,91.04s12.09-27.02,27-27.02Z\"><\/path><path class=\"d\" d=\"M220.56,129.13c14.92,0,27.01,12.09,27.01,27.02s-12.08,27.01-27.01,27.01-27.01-12.08-27.01-27.01,12.08-27.02,27.01-27.02Z\"><\/path><path class=\"d\" d=\"M220.56,64.03c14.92,0,27.01,12.11,27.01,27.02s-12.08,27.01-27.01,27.01-27.01-12.09-27.01-27.01,12.08-27.02,27.01-27.02Z\"><\/path><\/g><\/g><\/g><\/svg>\t\t\t\t\t\t<\/span>\n\t\t\t\t\t\t\t\t\t\t<span class=\"elementor-icon-list-text\">Typical work tasks include<\/span>\n\t\t\t\t\t\t\t\t\t<\/li>\n\t\t\t\t\t\t<\/ul>\n\t\t\t\t\t\t<\/div>\n\t\t\t\t<\/div>\n\t\t\t\t<div class=\"elementor-element elementor-element-55c0052 elementor-widget elementor-widget-text-editor\" data-id=\"55c0052\" data-element_type=\"widget\" data-e-type=\"widget\" data-widget_type=\"text-editor.default\">\n\t\t\t\t<div class=\"elementor-widget-container\">\n\t\t\t\t\t\t\t\t\t<div class=\"fusion-layout-column fusion_builder_column fusion-builder-column-15 fusion_builder_column_1_2 1_2 fusion-flex-column\" data-scroll-devices=\"small-visibility,medium-visibility,large-visibility\"><div class=\"fusion-column-wrapper fusion-column-has-shadow fusion-flex-justify-content-flex-start fusion-content-layout-column\"><div class=\"fusion-text fusion-text-15\"><ul><li>Responsibility for day-to-day operations, including finances and budget targets<\/li><li>Planning training, activities and events in the centre<\/li><li>Building local contacts and collaborations with businesses and schools<\/li><li>Maintaining the centre and managing low occupancy periods<\/li><li>Ensure high customer service through a team of padel hosts and coaches<\/li><\/ul><\/div><\/div><\/div>\t\t\t\t\t\t\t\t<\/div>\n\t\t\t\t<\/div>\n\t\t\t\t<div class=\"elementor-element elementor-element-044d3cf elementor-align-start elementor-icon-list--layout-traditional elementor-list-item-link-full_width elementor-widget elementor-widget-icon-list\" data-id=\"044d3cf\" data-element_type=\"widget\" data-e-type=\"widget\" data-widget_type=\"icon-list.default\">\n\t\t\t\t<div class=\"elementor-widget-container\">\n\t\t\t\t\t\t\t<ul class=\"elementor-icon-list-items\">\n\t\t\t\t\t\t\t<li class=\"elementor-icon-list-item\">\n\t\t\t\t\t\t\t\t\t\t\t<span class=\"elementor-icon-list-icon\">\n\t\t\t\t\t\t\t<svg xmlns=\"http:\/\/www.w3.org\/2000\/svg\" viewbox=\"0 0 247.57 247.56\"><defs><style>.d{fill:#8dc63f;}<\/style><\/defs><g id=\"a\"><\/g><g id=\"b\"><g id=\"c\"><g><path class=\"d\" d=\"M118.11,27.02c0,14.91-12.09,26.99-27,26.99s-27.01-12.08-27.01-26.99S76.19,0,91.11,0s27,12.09,27,27.02Z\"><\/path><path class=\"d\" d=\"M183.2,27.02c0,14.91-12.09,26.99-27.02,26.99s-26.99-12.08-26.99-26.99S141.28,0,156.19,0s27.02,12.09,27.02,27.02Z\"><\/path><path class=\"d\" d=\"M118.11,220.55c0,14.91-12.09,27.01-27,27.01s-27.01-12.09-27.01-27.01,12.1-27,27.01-27,27,12.09,27,27Z\"><\/path><path class=\"d\" d=\"M183.2,220.55c0,14.91-12.09,27.01-27.02,27.01s-26.99-12.09-26.99-27.01,12.09-27,26.99-27,27.02,12.09,27.02,27Z\"><\/path><path class=\"d\" d=\"M118.11,91.04c0,14.91-12.09,27.01-27,27.01s-27.01-12.09-27.01-27.01,12.08-27.02,27.01-27.02,27,12.11,27,27.02Z\"><\/path><path class=\"d\" d=\"M183.2,91.04c0,14.91-12.09,27.01-27.02,27.01s-26.99-12.09-26.99-27.01,12.09-27.02,26.99-27.02,27.02,12.11,27.02,27.02Z\"><\/path><path class=\"d\" d=\"M118.11,156.11c0,14.91-12.09,27.02-27,27.02s-27.01-12.1-27.01-27.02,12.08-27.01,27.01-27.01,27,12.09,27,27.01Z\"><\/path><path class=\"d\" d=\"M183.2,156.11c0,14.91-12.09,27.02-27.02,27.02s-26.99-12.1-26.99-27.02,12.09-27.01,26.99-27.01,27.02,12.09,27.02,27.01Z\"><\/path><path class=\"d\" d=\"M27,129.13c14.91,0,27.01,12.09,27.01,27.02s-12.1,27.01-27.01,27.01S0,171.07,0,156.14s12.09-27.02,27-27.02Z\"><\/path><path class=\"d\" d=\"M27,64.03c14.91,0,27.01,12.11,27.01,27.02s-12.1,27.01-27.01,27.01S0,105.96,0,91.04s12.09-27.02,27-27.02Z\"><\/path><path class=\"d\" d=\"M220.56,129.13c14.92,0,27.01,12.09,27.01,27.02s-12.08,27.01-27.01,27.01-27.01-12.08-27.01-27.01,12.08-27.02,27.01-27.02Z\"><\/path><path class=\"d\" d=\"M220.56,64.03c14.92,0,27.01,12.11,27.01,27.02s-12.08,27.01-27.01,27.01-27.01-12.09-27.01-27.01,12.08-27.02,27.01-27.02Z\"><\/path><\/g><\/g><\/g><\/svg>\t\t\t\t\t\t<\/span>\n\t\t\t\t\t\t\t\t\t\t<span class=\"elementor-icon-list-text\">We imagine that you:<\/span>\n\t\t\t\t\t\t\t\t\t<\/li>\n\t\t\t\t\t\t<\/ul>\n\t\t\t\t\t\t<\/div>\n\t\t\t\t<\/div>\n\t\t\t\t<div class=\"elementor-element elementor-element-934b0f3 elementor-widget elementor-widget-text-editor\" data-id=\"934b0f3\" data-element_type=\"widget\" data-e-type=\"widget\" data-widget_type=\"text-editor.default\">\n\t\t\t\t<div class=\"elementor-widget-container\">\n\t\t\t\t\t\t\t\t\t<div class=\"fusion-layout-column fusion_builder_column fusion-builder-column-15 fusion_builder_column_1_2 1_2 fusion-flex-column\" data-scroll-devices=\"small-visibility,medium-visibility,large-visibility\"><div class=\"fusion-column-wrapper fusion-column-has-shadow fusion-flex-justify-content-flex-start fusion-content-layout-column\"><div class=\"fusion-text fusion-text-15\"><ul><li>Passionate about sports, community and happy people<\/li><li>Positive, outgoing and proactive<\/li><li>Thrive in a dynamic work environment and take responsibility<\/li><li>Has a flair for IT and a strong work ethic and is excited about every booking<\/li><li>Is innovative when it comes to filling weekday hours and weekends<\/li><\/ul><\/div><\/div><\/div>\t\t\t\t\t\t\t\t<\/div>\n\t\t\t\t<\/div>\n\t\t\t\t<div class=\"elementor-element elementor-element-0b0a789 elementor-widget elementor-widget-text-editor\" data-id=\"0b0a789\" data-element_type=\"widget\" data-e-type=\"widget\" data-widget_type=\"text-editor.default\">\n\t\t\t\t<div class=\"elementor-widget-container\">\n\t\t\t\t\t\t\t\t\t<p>At Padel Lounge, you'll be part of a passionate community of dedicated colleagues who all share a love for padel - Europe's fastest growing sport.<br \/>Our centres have modern facilities, lounge areas and a strong local connection.<\/p><p><strong>Does this sound like something for you?<\/strong><\/p><p>Then send us an unsolicited application - we'd love to have a chat and a cup of coffee with you!<\/p><p>\ud83d\udce9 <strong>Contact us: <a href=\"mailto:kim@padellounge.dk\">kim@padellounge.dk<\/a><\/strong><\/p>\t\t\t\t\t\t\t\t<\/div>\n\t\t\t\t<\/div>\n\t\t\t\t\t<\/div>\n\t\t\t\t<\/div>\n\t\t\t\t<\/div>","protected":false},"excerpt":{"rendered":"<p>Kunne du t\u00e6nke dig et job i Padel Lounge? Jobmulighed hos Padel Lounge Padel Lounge s\u00f8ger engagerede og m\u00e5lrettede personer, der \u00f8nsker at blive en del af vores team og tage ansvar for den daglige drift i et af vores centre.Vi tilbyder en ansvarsfuld rolle i en af Danmarks mest dynamiske padelk\u00e6der, hvor du f\u00e5r [&hellip;]<\/p>\n","protected":false},"author":1,"featured_media":0,"parent":0,"menu_order":0,"comment_status":"closed","ping_status":"closed","template":"elementor_header_footer","meta":{"_seopress_robots_primary_cat":"","_seopress_titles_title":"Jobmulighed hos Padel Lounge \u2013 Bliv en del af holdet!","_seopress_titles_desc":"Bliv en del af Padel Lounge - v\u00e6r med i et dynamisk team med ansvar for daglig drift, events og mere! Ans\u00f8g nu!","_seopress_robots_index":"","footnotes":""},"class_list":["post-5239","page","type-page","status-publish","hentry"],"_links":{"self":[{"href":"https:\/\/padellounge.dk\/en\/wp-json\/wp\/v2\/pages\/5239","targetHints":{"allow":["GET"]}}],"collection":[{"href":"https:\/\/padellounge.dk\/en\/wp-json\/wp\/v2\/pages"}],"about":[{"href":"https:\/\/padellounge.dk\/en\/wp-json\/wp\/v2\/types\/page"}],"author":[{"embeddable":true,"href":"https:\/\/padellounge.dk\/en\/wp-json\/wp\/v2\/users\/1"}],"replies":[{"embeddable":true,"href":"https:\/\/padellounge.dk\/en\/wp-json\/wp\/v2\/comments?post=5239"}],"version-history":[{"count":4,"href":"https:\/\/padellounge.dk\/en\/wp-json\/wp\/v2\/pages\/5239\/revisions"}],"predecessor-version":[{"id":5243,"href":"https:\/\/padellounge.dk\/en\/wp-json\/wp\/v2\/pages\/5239\/revisions\/5243"}],"wp:attachment":[{"href":"https:\/\/padellounge.dk\/en\/wp-json\/wp\/v2\/media?parent=5239"}],"curies":[{"name":"wp","href":"https:\/\/api.w.org\/{rel}","templated":true}]}}