{"id":5244,"date":"2025-09-30T08:33:10","date_gmt":"2025-09-30T07:33:10","guid":{"rendered":"https:\/\/padellounge.dk\/?page_id=5244"},"modified":"2025-09-30T08:37:29","modified_gmt":"2025-09-30T07:37:29","slug":"vi-soger-traenere","status":"publish","type":"page","link":"https:\/\/padellounge.dk\/en\/vi-soger-traenere\/","title":{"rendered":"We're looking for coaches - do you want to coach at Padel Lounge?\u00a0"},"content":{"rendered":"<div data-elementor-type=\"wp-page\" data-elementor-id=\"5244\" class=\"elementor elementor-5244\" data-elementor-post-type=\"page\">\n\t\t\t\t<div class=\"elementor-element elementor-element-5442269 e-con-full e-flex e-con e-parent\" data-id=\"5442269\" data-element_type=\"container\" data-e-type=\"container\" data-settings=\"{&quot;background_background&quot;:&quot;classic&quot;}\">\n\t\t\t\t<div class=\"elementor-element elementor-element-c6ade3f elementor-widget elementor-widget-heading\" data-id=\"c6ade3f\" data-element_type=\"widget\" data-e-type=\"widget\" data-widget_type=\"heading.default\">\n\t\t\t\t<div class=\"elementor-widget-container\">\n\t\t\t\t\t<h2 class=\"elementor-heading-title elementor-size-default\">We're looking for coaches - do you want to coach at Padel Lounge?<\/h2>\t\t\t\t<\/div>\n\t\t\t\t<\/div>\n\t\t\t\t<div class=\"elementor-element elementor-element-8e84b31 elementor-widget elementor-widget-heading\" data-id=\"8e84b31\" data-element_type=\"widget\" data-e-type=\"widget\" data-widget_type=\"heading.default\">\n\t\t\t\t<div class=\"elementor-widget-container\">\n\t\t\t\t\t<h3 class=\"elementor-heading-title elementor-size-default\">Trainer Package for Coaches at Padel Lounge<\/h3>\t\t\t\t<\/div>\n\t\t\t\t<\/div>\n\t\t\t\t<div class=\"elementor-element elementor-element-3800b60 elementor-widget__width-initial elementor-widget-tablet__width-auto elementor-widget elementor-widget-text-editor\" data-id=\"3800b60\" data-element_type=\"widget\" data-e-type=\"widget\" data-widget_type=\"text-editor.default\">\n\t\t\t\t<div class=\"elementor-widget-container\">\n\t\t\t\t\t\t\t\t\t<p class=\"p1\">We offer the following coin packages for coaches:<\/p><p class=\"p1\"><strong>Lowtime<\/strong>: 5,000 coins for \u00a33,000 (equivalent to 40% discount)<\/p><p class=\"p1\"><strong>Prime time<\/strong>: 3,000 coins for \u00a32,250 (equivalent to 25% discount)<\/p>\t\t\t\t\t\t\t\t<\/div>\n\t\t\t\t<\/div>\n\t\t\t\t<\/div>\n\t\t<div class=\"elementor-element elementor-element-42ab416 e-flex e-con-boxed e-con e-parent\" data-id=\"42ab416\" data-element_type=\"container\" data-e-type=\"container\" data-settings=\"{&quot;background_background&quot;:&quot;classic&quot;}\">\n\t\t\t\t\t<div class=\"e-con-inner\">\n\t\t\t\t<div class=\"elementor-element elementor-element-6dd4c4f elementor-align-start elementor-icon-list--layout-traditional elementor-list-item-link-full_width elementor-widget elementor-widget-icon-list\" data-id=\"6dd4c4f\" data-element_type=\"widget\" data-e-type=\"widget\" data-widget_type=\"icon-list.default\">\n\t\t\t\t<div class=\"elementor-widget-container\">\n\t\t\t\t\t\t\t<ul class=\"elementor-icon-list-items\">\n\t\t\t\t\t\t\t<li class=\"elementor-icon-list-item\">\n\t\t\t\t\t\t\t\t\t\t\t<span class=\"elementor-icon-list-icon\">\n\t\t\t\t\t\t\t<svg xmlns=\"http:\/\/www.w3.org\/2000\/svg\" viewbox=\"0 0 247.57 247.56\"><defs><style>.d{fill:#8dc63f;}<\/style><\/defs><g id=\"a\"><\/g><g id=\"b\"><g id=\"c\"><g><path class=\"d\" d=\"M118.11,27.02c0,14.91-12.09,26.99-27,26.99s-27.01-12.08-27.01-26.99S76.19,0,91.11,0s27,12.09,27,27.02Z\"><\/path><path class=\"d\" d=\"M183.2,27.02c0,14.91-12.09,26.99-27.02,26.99s-26.99-12.08-26.99-26.99S141.28,0,156.19,0s27.02,12.09,27.02,27.02Z\"><\/path><path class=\"d\" d=\"M118.11,220.55c0,14.91-12.09,27.01-27,27.01s-27.01-12.09-27.01-27.01,12.1-27,27.01-27,27,12.09,27,27Z\"><\/path><path class=\"d\" d=\"M183.2,220.55c0,14.91-12.09,27.01-27.02,27.01s-26.99-12.09-26.99-27.01,12.09-27,26.99-27,27.02,12.09,27.02,27Z\"><\/path><path class=\"d\" d=\"M118.11,91.04c0,14.91-12.09,27.01-27,27.01s-27.01-12.09-27.01-27.01,12.08-27.02,27.01-27.02,27,12.11,27,27.02Z\"><\/path><path class=\"d\" d=\"M183.2,91.04c0,14.91-12.09,27.01-27.02,27.01s-26.99-12.09-26.99-27.01,12.09-27.02,26.99-27.02,27.02,12.11,27.02,27.02Z\"><\/path><path class=\"d\" d=\"M118.11,156.11c0,14.91-12.09,27.02-27,27.02s-27.01-12.1-27.01-27.02,12.08-27.01,27.01-27.01,27,12.09,27,27.01Z\"><\/path><path class=\"d\" d=\"M183.2,156.11c0,14.91-12.09,27.02-27.02,27.02s-26.99-12.1-26.99-27.02,12.09-27.01,26.99-27.01,27.02,12.09,27.02,27.01Z\"><\/path><path class=\"d\" d=\"M27,129.13c14.91,0,27.01,12.09,27.01,27.02s-12.1,27.01-27.01,27.01S0,171.07,0,156.14s12.09-27.02,27-27.02Z\"><\/path><path class=\"d\" d=\"M27,64.03c14.91,0,27.01,12.11,27.01,27.02s-12.1,27.01-27.01,27.01S0,105.96,0,91.04s12.09-27.02,27-27.02Z\"><\/path><path class=\"d\" d=\"M220.56,129.13c14.92,0,27.01,12.09,27.01,27.02s-12.08,27.01-27.01,27.01-27.01-12.08-27.01-27.01,12.08-27.02,27.01-27.02Z\"><\/path><path class=\"d\" d=\"M220.56,64.03c14.92,0,27.01,12.11,27.01,27.02s-12.08,27.01-27.01,27.01-27.01-12.09-27.01-27.01,12.08-27.02,27.01-27.02Z\"><\/path><\/g><\/g><\/g><\/svg>\t\t\t\t\t\t<\/span>\n\t\t\t\t\t\t\t\t\t\t<span class=\"elementor-icon-list-text\">Administration of bookings<\/span>\n\t\t\t\t\t\t\t\t\t<\/li>\n\t\t\t\t\t\t<\/ul>\n\t\t\t\t\t\t<\/div>\n\t\t\t\t<\/div>\n\t\t\t\t<div class=\"elementor-element elementor-element-55c0052 elementor-widget elementor-widget-text-editor\" data-id=\"55c0052\" data-element_type=\"widget\" data-e-type=\"widget\" data-widget_type=\"text-editor.default\">\n\t\t\t\t<div class=\"elementor-widget-container\">\n\t\t\t\t\t\t\t\t\tYou need to create two accounts - one for lowtime only and one for primetime, where you can book both\nprimetime and weekends.\t\t\t\t\t\t\t\t<\/div>\n\t\t\t\t<\/div>\n\t\t\t\t<div class=\"elementor-element elementor-element-044d3cf elementor-align-start elementor-icon-list--layout-traditional elementor-list-item-link-full_width elementor-widget elementor-widget-icon-list\" data-id=\"044d3cf\" data-element_type=\"widget\" data-e-type=\"widget\" data-widget_type=\"icon-list.default\">\n\t\t\t\t<div class=\"elementor-widget-container\">\n\t\t\t\t\t\t\t<ul class=\"elementor-icon-list-items\">\n\t\t\t\t\t\t\t<li class=\"elementor-icon-list-item\">\n\t\t\t\t\t\t\t\t\t\t\t<span class=\"elementor-icon-list-icon\">\n\t\t\t\t\t\t\t<svg xmlns=\"http:\/\/www.w3.org\/2000\/svg\" viewbox=\"0 0 247.57 247.56\"><defs><style>.d{fill:#8dc63f;}<\/style><\/defs><g id=\"a\"><\/g><g id=\"b\"><g id=\"c\"><g><path class=\"d\" d=\"M118.11,27.02c0,14.91-12.09,26.99-27,26.99s-27.01-12.08-27.01-26.99S76.19,0,91.11,0s27,12.09,27,27.02Z\"><\/path><path class=\"d\" d=\"M183.2,27.02c0,14.91-12.09,26.99-27.02,26.99s-26.99-12.08-26.99-26.99S141.28,0,156.19,0s27.02,12.09,27.02,27.02Z\"><\/path><path class=\"d\" d=\"M118.11,220.55c0,14.91-12.09,27.01-27,27.01s-27.01-12.09-27.01-27.01,12.1-27,27.01-27,27,12.09,27,27Z\"><\/path><path class=\"d\" d=\"M183.2,220.55c0,14.91-12.09,27.01-27.02,27.01s-26.99-12.09-26.99-27.01,12.09-27,26.99-27,27.02,12.09,27.02,27Z\"><\/path><path class=\"d\" d=\"M118.11,91.04c0,14.91-12.09,27.01-27,27.01s-27.01-12.09-27.01-27.01,12.08-27.02,27.01-27.02,27,12.11,27,27.02Z\"><\/path><path class=\"d\" d=\"M183.2,91.04c0,14.91-12.09,27.01-27.02,27.01s-26.99-12.09-26.99-27.01,12.09-27.02,26.99-27.02,27.02,12.11,27.02,27.02Z\"><\/path><path class=\"d\" d=\"M118.11,156.11c0,14.91-12.09,27.02-27,27.02s-27.01-12.1-27.01-27.02,12.08-27.01,27.01-27.01,27,12.09,27,27.01Z\"><\/path><path class=\"d\" d=\"M183.2,156.11c0,14.91-12.09,27.02-27.02,27.02s-26.99-12.1-26.99-27.02,12.09-27.01,26.99-27.01,27.02,12.09,27.02,27.01Z\"><\/path><path class=\"d\" d=\"M27,129.13c14.91,0,27.01,12.09,27.01,27.02s-12.1,27.01-27.01,27.01S0,171.07,0,156.14s12.09-27.02,27-27.02Z\"><\/path><path class=\"d\" d=\"M27,64.03c14.91,0,27.01,12.11,27.01,27.02s-12.1,27.01-27.01,27.01S0,105.96,0,91.04s12.09-27.02,27-27.02Z\"><\/path><path class=\"d\" d=\"M220.56,129.13c14.92,0,27.01,12.09,27.01,27.02s-12.08,27.01-27.01,27.01-27.01-12.08-27.01-27.01,12.08-27.02,27.01-27.02Z\"><\/path><path class=\"d\" d=\"M220.56,64.03c14.92,0,27.01,12.11,27.01,27.02s-12.08,27.01-27.01,27.01-27.01-12.09-27.01-27.01,12.08-27.02,27.01-27.02Z\"><\/path><\/g><\/g><\/g><\/svg>\t\t\t\t\t\t<\/span>\n\t\t\t\t\t\t\t\t\t\t<span class=\"elementor-icon-list-text\">Visibility and presentation<\/span>\n\t\t\t\t\t\t\t\t\t<\/li>\n\t\t\t\t\t\t<\/ul>\n\t\t\t\t\t\t<\/div>\n\t\t\t\t<\/div>\n\t\t\t\t<div class=\"elementor-element elementor-element-934b0f3 elementor-widget elementor-widget-text-editor\" data-id=\"934b0f3\" data-element_type=\"widget\" data-e-type=\"widget\" data-widget_type=\"text-editor.default\">\n\t\t\t\t<div class=\"elementor-widget-container\">\n\t\t\t\t\t\t\t\t\tIn addition to the discount on pitch hire, we present you on our website with a photo, a short text about\nyourself and information on how to book you. We post regularly on SoMe as well.\t\t\t\t\t\t\t\t<\/div>\n\t\t\t\t<\/div>\n\t\t\t\t<div class=\"elementor-element elementor-element-4f77bb7 elementor-align-start elementor-icon-list--layout-traditional elementor-list-item-link-full_width elementor-widget elementor-widget-icon-list\" data-id=\"4f77bb7\" data-element_type=\"widget\" data-e-type=\"widget\" data-widget_type=\"icon-list.default\">\n\t\t\t\t<div class=\"elementor-widget-container\">\n\t\t\t\t\t\t\t<ul class=\"elementor-icon-list-items\">\n\t\t\t\t\t\t\t<li class=\"elementor-icon-list-item\">\n\t\t\t\t\t\t\t\t\t\t\t<span class=\"elementor-icon-list-icon\">\n\t\t\t\t\t\t\t<svg xmlns=\"http:\/\/www.w3.org\/2000\/svg\" viewbox=\"0 0 247.57 247.56\"><defs><style>.d{fill:#8dc63f;}<\/style><\/defs><g id=\"a\"><\/g><g id=\"b\"><g id=\"c\"><g><path class=\"d\" d=\"M118.11,27.02c0,14.91-12.09,26.99-27,26.99s-27.01-12.08-27.01-26.99S76.19,0,91.11,0s27,12.09,27,27.02Z\"><\/path><path class=\"d\" d=\"M183.2,27.02c0,14.91-12.09,26.99-27.02,26.99s-26.99-12.08-26.99-26.99S141.28,0,156.19,0s27.02,12.09,27.02,27.02Z\"><\/path><path class=\"d\" d=\"M118.11,220.55c0,14.91-12.09,27.01-27,27.01s-27.01-12.09-27.01-27.01,12.1-27,27.01-27,27,12.09,27,27Z\"><\/path><path class=\"d\" d=\"M183.2,220.55c0,14.91-12.09,27.01-27.02,27.01s-26.99-12.09-26.99-27.01,12.09-27,26.99-27,27.02,12.09,27.02,27Z\"><\/path><path class=\"d\" d=\"M118.11,91.04c0,14.91-12.09,27.01-27,27.01s-27.01-12.09-27.01-27.01,12.08-27.02,27.01-27.02,27,12.11,27,27.02Z\"><\/path><path class=\"d\" d=\"M183.2,91.04c0,14.91-12.09,27.01-27.02,27.01s-26.99-12.09-26.99-27.01,12.09-27.02,26.99-27.02,27.02,12.11,27.02,27.02Z\"><\/path><path class=\"d\" d=\"M118.11,156.11c0,14.91-12.09,27.02-27,27.02s-27.01-12.1-27.01-27.02,12.08-27.01,27.01-27.01,27,12.09,27,27.01Z\"><\/path><path class=\"d\" d=\"M183.2,156.11c0,14.91-12.09,27.02-27.02,27.02s-26.99-12.1-26.99-27.02,12.09-27.01,26.99-27.01,27.02,12.09,27.02,27.01Z\"><\/path><path class=\"d\" d=\"M27,129.13c14.91,0,27.01,12.09,27.01,27.02s-12.1,27.01-27.01,27.01S0,171.07,0,156.14s12.09-27.02,27-27.02Z\"><\/path><path class=\"d\" d=\"M27,64.03c14.91,0,27.01,12.11,27.01,27.02s-12.1,27.01-27.01,27.01S0,105.96,0,91.04s12.09-27.02,27-27.02Z\"><\/path><path class=\"d\" d=\"M220.56,129.13c14.92,0,27.01,12.09,27.01,27.02s-12.08,27.01-27.01,27.01-27.01-12.08-27.01-27.01,12.08-27.02,27.01-27.02Z\"><\/path><path class=\"d\" d=\"M220.56,64.03c14.92,0,27.01,12.11,27.01,27.02s-12.08,27.01-27.01,27.01-27.01-12.09-27.01-27.01,12.08-27.02,27.01-27.02Z\"><\/path><\/g><\/g><\/g><\/svg>\t\t\t\t\t\t<\/span>\n\t\t\t\t\t\t\t\t\t\t<span class=\"elementor-icon-list-text\">Expectations for coaches<\/span>\n\t\t\t\t\t\t\t\t\t<\/li>\n\t\t\t\t\t\t<\/ul>\n\t\t\t\t\t\t<\/div>\n\t\t\t\t<\/div>\n\t\t\t\t<div class=\"elementor-element elementor-element-0b0a789 elementor-widget elementor-widget-text-editor\" data-id=\"0b0a789\" data-element_type=\"widget\" data-e-type=\"widget\" data-widget_type=\"text-editor.default\">\n\t\t\t\t<div class=\"elementor-widget-container\">\n\t\t\t\t\t\t\t\t\t<ul><li class=\"p1\">Speak positively about the centre, provide good service and contribute to a good atmosphere.<\/li><li class=\"p1\">Do some light cleaning in the centre when you arrive and before you leave.<\/li><\/ul>\t\t\t\t\t\t\t\t<\/div>\n\t\t\t\t<\/div>\n\t\t\t\t<div class=\"elementor-element elementor-element-80b63a3 elementor-align-start elementor-icon-list--layout-traditional elementor-list-item-link-full_width elementor-widget elementor-widget-icon-list\" data-id=\"80b63a3\" data-element_type=\"widget\" data-e-type=\"widget\" data-widget_type=\"icon-list.default\">\n\t\t\t\t<div class=\"elementor-widget-container\">\n\t\t\t\t\t\t\t<ul class=\"elementor-icon-list-items\">\n\t\t\t\t\t\t\t<li class=\"elementor-icon-list-item\">\n\t\t\t\t\t\t\t\t\t\t\t<span class=\"elementor-icon-list-icon\">\n\t\t\t\t\t\t\t<svg xmlns=\"http:\/\/www.w3.org\/2000\/svg\" viewbox=\"0 0 247.57 247.56\"><defs><style>.d{fill:#8dc63f;}<\/style><\/defs><g id=\"a\"><\/g><g id=\"b\"><g id=\"c\"><g><path class=\"d\" d=\"M118.11,27.02c0,14.91-12.09,26.99-27,26.99s-27.01-12.08-27.01-26.99S76.19,0,91.11,0s27,12.09,27,27.02Z\"><\/path><path class=\"d\" d=\"M183.2,27.02c0,14.91-12.09,26.99-27.02,26.99s-26.99-12.08-26.99-26.99S141.28,0,156.19,0s27.02,12.09,27.02,27.02Z\"><\/path><path class=\"d\" d=\"M118.11,220.55c0,14.91-12.09,27.01-27,27.01s-27.01-12.09-27.01-27.01,12.1-27,27.01-27,27,12.09,27,27Z\"><\/path><path class=\"d\" d=\"M183.2,220.55c0,14.91-12.09,27.01-27.02,27.01s-26.99-12.09-26.99-27.01,12.09-27,26.99-27,27.02,12.09,27.02,27Z\"><\/path><path class=\"d\" d=\"M118.11,91.04c0,14.91-12.09,27.01-27,27.01s-27.01-12.09-27.01-27.01,12.08-27.02,27.01-27.02,27,12.11,27,27.02Z\"><\/path><path class=\"d\" d=\"M183.2,91.04c0,14.91-12.09,27.01-27.02,27.01s-26.99-12.09-26.99-27.01,12.09-27.02,26.99-27.02,27.02,12.11,27.02,27.02Z\"><\/path><path class=\"d\" d=\"M118.11,156.11c0,14.91-12.09,27.02-27,27.02s-27.01-12.1-27.01-27.02,12.08-27.01,27.01-27.01,27,12.09,27,27.01Z\"><\/path><path class=\"d\" d=\"M183.2,156.11c0,14.91-12.09,27.02-27.02,27.02s-26.99-12.1-26.99-27.02,12.09-27.01,26.99-27.01,27.02,12.09,27.02,27.01Z\"><\/path><path class=\"d\" d=\"M27,129.13c14.91,0,27.01,12.09,27.01,27.02s-12.1,27.01-27.01,27.01S0,171.07,0,156.14s12.09-27.02,27-27.02Z\"><\/path><path class=\"d\" d=\"M27,64.03c14.91,0,27.01,12.11,27.01,27.02s-12.1,27.01-27.01,27.01S0,105.96,0,91.04s12.09-27.02,27-27.02Z\"><\/path><path class=\"d\" d=\"M220.56,129.13c14.92,0,27.01,12.09,27.01,27.02s-12.08,27.01-27.01,27.01-27.01-12.08-27.01-27.01,12.08-27.02,27.01-27.02Z\"><\/path><path class=\"d\" d=\"M220.56,64.03c14.92,0,27.01,12.11,27.01,27.02s-12.08,27.01-27.01,27.01-27.01-12.09-27.01-27.01,12.08-27.02,27.01-27.02Z\"><\/path><\/g><\/g><\/g><\/svg>\t\t\t\t\t\t<\/span>\n\t\t\t\t\t\t\t\t\t\t<span class=\"elementor-icon-list-text\">How to get started<\/span>\n\t\t\t\t\t\t\t\t\t<\/li>\n\t\t\t\t\t\t<\/ul>\n\t\t\t\t\t\t<\/div>\n\t\t\t\t<\/div>\n\t\t\t\t<div class=\"elementor-element elementor-element-bf7c69a elementor-widget elementor-widget-text-editor\" data-id=\"bf7c69a\" data-element_type=\"widget\" data-e-type=\"widget\" data-widget_type=\"text-editor.default\">\n\t\t\t\t<div class=\"elementor-widget-container\">\n\t\t\t\t\t\t\t\t\t<ul><li class=\"p1\">Send an email to <a href=\"mailto:kim@padellounge.dk\">kim@padellounge.dk<\/a> med:<ul><li class=\"p1\">A picture of yourself<\/li><li class=\"p1\">A short write-up about your competences etc. <span class=\"s1\">o<\/span><\/li><li class=\"p1\">Information on how to book you (phone, email or link)<\/li><\/ul><\/li><li class=\"p1\">Send your membership number and which coin pack(s) you wish to purchase. It is possible to customise the packages as desired (but with a minimum of the above)<\/li><\/ul>\t\t\t\t\t\t\t\t<\/div>\n\t\t\t\t<\/div>\n\t\t\t\t<div class=\"elementor-element elementor-element-37042c9 elementor-align-start elementor-icon-list--layout-traditional elementor-list-item-link-full_width elementor-widget elementor-widget-icon-list\" data-id=\"37042c9\" data-element_type=\"widget\" data-e-type=\"widget\" data-widget_type=\"icon-list.default\">\n\t\t\t\t<div class=\"elementor-widget-container\">\n\t\t\t\t\t\t\t<ul class=\"elementor-icon-list-items\">\n\t\t\t\t\t\t\t<li class=\"elementor-icon-list-item\">\n\t\t\t\t\t\t\t\t\t\t\t<span class=\"elementor-icon-list-icon\">\n\t\t\t\t\t\t\t<svg xmlns=\"http:\/\/www.w3.org\/2000\/svg\" viewbox=\"0 0 247.57 247.56\"><defs><style>.d{fill:#8dc63f;}<\/style><\/defs><g id=\"a\"><\/g><g id=\"b\"><g id=\"c\"><g><path class=\"d\" d=\"M118.11,27.02c0,14.91-12.09,26.99-27,26.99s-27.01-12.08-27.01-26.99S76.19,0,91.11,0s27,12.09,27,27.02Z\"><\/path><path class=\"d\" d=\"M183.2,27.02c0,14.91-12.09,26.99-27.02,26.99s-26.99-12.08-26.99-26.99S141.28,0,156.19,0s27.02,12.09,27.02,27.02Z\"><\/path><path class=\"d\" d=\"M118.11,220.55c0,14.91-12.09,27.01-27,27.01s-27.01-12.09-27.01-27.01,12.1-27,27.01-27,27,12.09,27,27Z\"><\/path><path class=\"d\" d=\"M183.2,220.55c0,14.91-12.09,27.01-27.02,27.01s-26.99-12.09-26.99-27.01,12.09-27,26.99-27,27.02,12.09,27.02,27Z\"><\/path><path class=\"d\" d=\"M118.11,91.04c0,14.91-12.09,27.01-27,27.01s-27.01-12.09-27.01-27.01,12.08-27.02,27.01-27.02,27,12.11,27,27.02Z\"><\/path><path class=\"d\" d=\"M183.2,91.04c0,14.91-12.09,27.01-27.02,27.01s-26.99-12.09-26.99-27.01,12.09-27.02,26.99-27.02,27.02,12.11,27.02,27.02Z\"><\/path><path class=\"d\" d=\"M118.11,156.11c0,14.91-12.09,27.02-27,27.02s-27.01-12.1-27.01-27.02,12.08-27.01,27.01-27.01,27,12.09,27,27.01Z\"><\/path><path class=\"d\" d=\"M183.2,156.11c0,14.91-12.09,27.02-27.02,27.02s-26.99-12.1-26.99-27.02,12.09-27.01,26.99-27.01,27.02,12.09,27.02,27.01Z\"><\/path><path class=\"d\" d=\"M27,129.13c14.91,0,27.01,12.09,27.01,27.02s-12.1,27.01-27.01,27.01S0,171.07,0,156.14s12.09-27.02,27-27.02Z\"><\/path><path class=\"d\" d=\"M27,64.03c14.91,0,27.01,12.11,27.01,27.02s-12.1,27.01-27.01,27.01S0,105.96,0,91.04s12.09-27.02,27-27.02Z\"><\/path><path class=\"d\" d=\"M220.56,129.13c14.92,0,27.01,12.09,27.01,27.02s-12.08,27.01-27.01,27.01-27.01-12.08-27.01-27.01,12.08-27.02,27.01-27.02Z\"><\/path><path class=\"d\" d=\"M220.56,64.03c14.92,0,27.01,12.11,27.01,27.02s-12.08,27.01-27.01,27.01-27.01-12.09-27.01-27.01,12.08-27.02,27.01-27.02Z\"><\/path><\/g><\/g><\/g><\/svg>\t\t\t\t\t\t<\/span>\n\t\t\t\t\t\t\t\t\t\t<span class=\"elementor-icon-list-text\">Ordering and payment<\/span>\n\t\t\t\t\t\t\t\t\t<\/li>\n\t\t\t\t\t\t<\/ul>\n\t\t\t\t\t\t<\/div>\n\t\t\t\t<\/div>\n\t\t\t\t<div class=\"elementor-element elementor-element-57511af elementor-widget elementor-widget-text-editor\" data-id=\"57511af\" data-element_type=\"widget\" data-e-type=\"widget\" data-widget_type=\"text-editor.default\">\n\t\t\t\t<div class=\"elementor-widget-container\">\n\t\t\t\t\t\t\t\t\t<p class=\"p1\">Coin packages are ordered via email to <a href=\"mailto:kim@padellounge.dk\">kim@padellounge.dk<\/a>. Payment can be made via MobilePay or invoice as desired.<\/p><p class=\"p1\"><strong>Important:<\/strong><\/p><p class=\"p1\">Your lowtime coins may only be used in lowtime. Violation of this will result in termination of cooperation and resetting of coins.<\/p>\t\t\t\t\t\t\t\t<\/div>\n\t\t\t\t<\/div>\n\t\t\t\t\t<\/div>\n\t\t\t\t<\/div>\n\t\t\t\t<\/div>","protected":false},"excerpt":{"rendered":"<p>Vi s\u00f8ger tr\u00e6nere &#8211; vil du v\u00e6re tr\u00e6ner i Padel Lounge? Tr\u00e6nerpakke til Tr\u00e6nere hos Padel Lounge Vi tilbyder f\u00f8lgende coinspakker til tr\u00e6nere: Lowtime: 5.000 coins for 3.000 kr. (svarende til 40% rabat) Primetime: 3.000 coins for 2.250 kr. (svarende til 25% rabat) Administration af bookinger Du skal oprette to konti \u2013 \u00e9n til lowtime [&hellip;]<\/p>\n","protected":false},"author":1,"featured_media":0,"parent":0,"menu_order":0,"comment_status":"closed","ping_status":"closed","template":"elementor_header_footer","meta":{"_seopress_robots_primary_cat":"","_seopress_titles_title":"Bliv padeltr\u00e6ner hos Padel Lounge i dag","_seopress_titles_desc":"Vi s\u00f8ger tr\u00e6nere! Bliv en del af Padel Lounge, f\u00e5 rabat p\u00e5 baneleje og synlighed p\u00e5 vores hjemmeside. Ans\u00f8g i dag!","_seopress_robots_index":"","footnotes":""},"class_list":["post-5244","page","type-page","status-publish","hentry"],"_links":{"self":[{"href":"https:\/\/padellounge.dk\/en\/wp-json\/wp\/v2\/pages\/5244","targetHints":{"allow":["GET"]}}],"collection":[{"href":"https:\/\/padellounge.dk\/en\/wp-json\/wp\/v2\/pages"}],"about":[{"href":"https:\/\/padellounge.dk\/en\/wp-json\/wp\/v2\/types\/page"}],"author":[{"embeddable":true,"href":"https:\/\/padellounge.dk\/en\/wp-json\/wp\/v2\/users\/1"}],"replies":[{"embeddable":true,"href":"https:\/\/padellounge.dk\/en\/wp-json\/wp\/v2\/comments?post=5244"}],"version-history":[{"count":4,"href":"https:\/\/padellounge.dk\/en\/wp-json\/wp\/v2\/pages\/5244\/revisions"}],"predecessor-version":[{"id":5250,"href":"https:\/\/padellounge.dk\/en\/wp-json\/wp\/v2\/pages\/5244\/revisions\/5250"}],"wp:attachment":[{"href":"https:\/\/padellounge.dk\/en\/wp-json\/wp\/v2\/media?parent=5244"}],"curies":[{"name":"wp","href":"https:\/\/api.w.org\/{rel}","templated":true}]}}