{"id":5286,"date":"2025-10-02T08:56:29","date_gmt":"2025-10-02T07:56:29","guid":{"rendered":"https:\/\/padellounge.dk\/?page_id=5286"},"modified":"2025-10-02T08:56:46","modified_gmt":"2025-10-02T07:56:46","slug":"soelvpakke","status":"publish","type":"page","link":"https:\/\/padellounge.dk\/en\/soelvpakke\/","title":{"rendered":"Silver pack"},"content":{"rendered":"<div data-elementor-type=\"wp-page\" data-elementor-id=\"5286\" class=\"elementor elementor-5286\" data-elementor-post-type=\"page\">\n\t\t\t\t<div class=\"elementor-element elementor-element-fb62d1b e-con-full e-flex e-con e-parent\" data-id=\"fb62d1b\" data-element_type=\"container\" data-e-type=\"container\" data-settings=\"{&quot;background_background&quot;:&quot;classic&quot;}\">\n\t\t\t\t<div class=\"elementor-element elementor-element-c732a88 elementor-widget elementor-widget-heading\" data-id=\"c732a88\" data-element_type=\"widget\" data-e-type=\"widget\" data-widget_type=\"heading.default\">\n\t\t\t\t<div class=\"elementor-widget-container\">\n\t\t\t\t\t<h3 class=\"elementor-heading-title elementor-size-default\">Become a sponsor with us<\/h3>\t\t\t\t<\/div>\n\t\t\t\t<\/div>\n\t\t\t\t<\/div>\n\t\t<div class=\"elementor-element elementor-element-be9e04e e-flex e-con-boxed e-con e-parent\" data-id=\"be9e04e\" data-element_type=\"container\" data-e-type=\"container\">\n\t\t\t\t\t<div class=\"e-con-inner\">\n\t\t\t\t<div class=\"elementor-element elementor-element-ab31284 elementor-widget elementor-widget-template\" data-id=\"ab31284\" data-element_type=\"widget\" data-e-type=\"widget\" data-widget_type=\"template.default\">\n\t\t\t\t<div class=\"elementor-widget-container\">\n\t\t\t\t\t\t\t<div class=\"elementor-template\">\n\t\t\t\t\t<div data-elementor-type=\"page\" data-elementor-id=\"5275\" class=\"elementor elementor-5275\" data-elementor-post-type=\"elementor_library\">\n\t\t\t\t\t\t<section class=\"elementor-section elementor-top-section elementor-element elementor-element-bb73235 elementor-section-boxed elementor-section-height-default elementor-section-height-default\" data-id=\"bb73235\" data-element_type=\"section\" data-e-type=\"section\" data-settings=\"{&quot;background_background&quot;:&quot;classic&quot;}\">\n\t\t\t\t\t\t<div class=\"elementor-container elementor-column-gap-default\">\n\t\t\t\t\t<div class=\"elementor-column elementor-col-100 elementor-top-column elementor-element elementor-element-e6092cb\" data-id=\"e6092cb\" data-element_type=\"column\" data-e-type=\"column\">\n\t\t\t<div class=\"elementor-widget-wrap elementor-element-populated\">\n\t\t\t\t\t\t<div class=\"elementor-element elementor-element-e873e56 elementor-align-center elementor-icon-list--layout-traditional elementor-list-item-link-full_width elementor-widget elementor-widget-icon-list\" data-id=\"e873e56\" data-element_type=\"widget\" data-e-type=\"widget\" data-widget_type=\"icon-list.default\">\n\t\t\t\t<div class=\"elementor-widget-container\">\n\t\t\t\t\t\t\t<ul class=\"elementor-icon-list-items\">\n\t\t\t\t\t\t\t<li class=\"elementor-icon-list-item\">\n\t\t\t\t\t\t\t\t\t\t\t<span class=\"elementor-icon-list-icon\">\n\t\t\t\t\t\t\t<svg xmlns=\"http:\/\/www.w3.org\/2000\/svg\" viewbox=\"0 0 247.57 247.56\"><defs><style>.d{fill:#8dc63f;}<\/style><\/defs><g id=\"a\"><\/g><g id=\"b\"><g id=\"c\"><g><path class=\"d\" d=\"M118.11,27.02c0,14.91-12.09,26.99-27,26.99s-27.01-12.08-27.01-26.99S76.19,0,91.11,0s27,12.09,27,27.02Z\"><\/path><path class=\"d\" d=\"M183.2,27.02c0,14.91-12.09,26.99-27.02,26.99s-26.99-12.08-26.99-26.99S141.28,0,156.19,0s27.02,12.09,27.02,27.02Z\"><\/path><path class=\"d\" d=\"M118.11,220.55c0,14.91-12.09,27.01-27,27.01s-27.01-12.09-27.01-27.01,12.1-27,27.01-27,27,12.09,27,27Z\"><\/path><path class=\"d\" d=\"M183.2,220.55c0,14.91-12.09,27.01-27.02,27.01s-26.99-12.09-26.99-27.01,12.09-27,26.99-27,27.02,12.09,27.02,27Z\"><\/path><path class=\"d\" d=\"M118.11,91.04c0,14.91-12.09,27.01-27,27.01s-27.01-12.09-27.01-27.01,12.08-27.02,27.01-27.02,27,12.11,27,27.02Z\"><\/path><path class=\"d\" d=\"M183.2,91.04c0,14.91-12.09,27.01-27.02,27.01s-26.99-12.09-26.99-27.01,12.09-27.02,26.99-27.02,27.02,12.11,27.02,27.02Z\"><\/path><path class=\"d\" d=\"M118.11,156.11c0,14.91-12.09,27.02-27,27.02s-27.01-12.1-27.01-27.02,12.08-27.01,27.01-27.01,27,12.09,27,27.01Z\"><\/path><path class=\"d\" d=\"M183.2,156.11c0,14.91-12.09,27.02-27.02,27.02s-26.99-12.1-26.99-27.02,12.09-27.01,26.99-27.01,27.02,12.09,27.02,27.01Z\"><\/path><path class=\"d\" d=\"M27,129.13c14.91,0,27.01,12.09,27.01,27.02s-12.1,27.01-27.01,27.01S0,171.07,0,156.14s12.09-27.02,27-27.02Z\"><\/path><path class=\"d\" d=\"M27,64.03c14.91,0,27.01,12.11,27.01,27.02s-12.1,27.01-27.01,27.01S0,105.96,0,91.04s12.09-27.02,27-27.02Z\"><\/path><path class=\"d\" d=\"M220.56,129.13c14.92,0,27.01,12.09,27.01,27.02s-12.08,27.01-27.01,27.01-27.01-12.08-27.01-27.01,12.08-27.02,27.01-27.02Z\"><\/path><path class=\"d\" d=\"M220.56,64.03c14.92,0,27.01,12.11,27.01,27.02s-12.08,27.01-27.01,27.01-27.01-12.09-27.01-27.01,12.08-27.02,27.01-27.02Z\"><\/path><\/g><\/g><\/g><\/svg>\t\t\t\t\t\t<\/span>\n\t\t\t\t\t\t\t\t\t\t<span class=\"elementor-icon-list-text\">BECOME A SPONSOR TODAY<\/span>\n\t\t\t\t\t\t\t\t\t<\/li>\n\t\t\t\t\t\t<\/ul>\n\t\t\t\t\t\t<\/div>\n\t\t\t\t<\/div>\n\t\t<div class=\"elementor-element elementor-element-3312652 e-flex e-con-boxed e-con e-parent\" data-id=\"3312652\" data-element_type=\"container\" data-e-type=\"container\">\n\t\t\t\t\t<div class=\"e-con-inner\">\n\t\t<div class=\"elementor-element elementor-element-8e66998 e-con-full e-flex e-con e-child\" data-id=\"8e66998\" data-element_type=\"container\" data-e-type=\"container\">\n\t\t\t\t<div class=\"elementor-element elementor-element-2d60032 elementor-widget elementor-widget-heading\" data-id=\"2d60032\" data-element_type=\"widget\" data-e-type=\"widget\" data-widget_type=\"heading.default\">\n\t\t\t\t<div class=\"elementor-widget-container\">\n\t\t\t\t\t<h2 class=\"elementor-heading-title elementor-size-default\">THE SILVER PACKAGE<\/h2>\t\t\t\t<\/div>\n\t\t\t\t<\/div>\n\t\t\t\t<div class=\"elementor-element elementor-element-1d08397 elementor-widget elementor-widget-image\" data-id=\"1d08397\" data-element_type=\"widget\" data-e-type=\"widget\" data-widget_type=\"image.default\">\n\t\t\t\t<div class=\"elementor-widget-container\">\n\t\t\t\t\t\t\t\t\t\t\t\t\t\t\t<img fetchpriority=\"high\" decoding=\"async\" width=\"276\" height=\"400\" src=\"https:\/\/eq53msgqj8e.exactdn.com\/wp-content\/uploads\/2025\/08\/soelv.png?strip=all\" class=\"attachment-large size-large wp-image-2813\" alt=\"S\u00f8lvmedalje med r\u00f8dt b\u00e5nd\" srcset=\"https:\/\/eq53msgqj8e.exactdn.com\/wp-content\/uploads\/2025\/08\/soelv.png?strip=all 276w, https:\/\/eq53msgqj8e.exactdn.com\/wp-content\/uploads\/2025\/08\/soelv-207x300.png?strip=all 207w, https:\/\/eq53msgqj8e.exactdn.com\/wp-content\/uploads\/2025\/08\/soelv.png?strip=all&amp;w=55 55w, https:\/\/eq53msgqj8e.exactdn.com\/wp-content\/uploads\/2025\/08\/soelv.png?strip=all&amp;w=110 110w\" sizes=\"(max-width: 276px) 100vw, 276px\" \/>\t\t\t\t\t\t\t\t\t\t\t\t\t\t\t<\/div>\n\t\t\t\t<\/div>\n\t\t\t\t<\/div>\n\t\t<div class=\"elementor-element elementor-element-dd15add e-con-full e-flex e-con e-child\" data-id=\"dd15add\" data-element_type=\"container\" data-e-type=\"container\">\n\t\t\t\t<div class=\"elementor-element elementor-element-4a5adb1 elementor-widget elementor-widget-text-editor\" data-id=\"4a5adb1\" data-element_type=\"widget\" data-e-type=\"widget\" data-widget_type=\"text-editor.default\">\n\t\t\t\t<div class=\"elementor-widget-container\">\n\t\t\t\t\t\t\t\t\t<p>Increase your visibility with our\u00a0<strong>Silver pack<\/strong>\u00a0and get maximum exposure in our centres with an eye-catching banner. With this package you get:<\/p><ul><li><strong>2\u00d72 metre banner<\/strong>\u00a0- Showcase your business in the centre of our facilities<\/li><li><strong>3,250 coins<\/strong>\u00a0for booking and networking activities<\/li><li><strong>Duration:<\/strong>\u00a012 months<\/li><li><strong>Price:<\/strong>\u00a06,500 DKK (+2,499 DKK in setup)<\/li><\/ul><p>Few\u00a0<strong>The silver package<\/strong>\u00a0as a sponsor for only\u00a0<strong>8,999 kr. excl. VAT<\/strong>.<\/p>\t\t\t\t\t\t\t\t<\/div>\n\t\t\t\t<\/div>\n\t\t\t\t<div class=\"elementor-element elementor-element-eb3598f elementor-align-left elementor-widget__width-inherit elementor-widget elementor-widget-button\" data-id=\"eb3598f\" data-element_type=\"widget\" data-e-type=\"widget\" data-widget_type=\"button.default\">\n\t\t\t\t<div class=\"elementor-widget-container\">\n\t\t\t\t\t\t\t\t\t<div class=\"elementor-button-wrapper\">\n\t\t\t\t\t<a class=\"elementor-button elementor-button-link elementor-size-sm elementor-animation-shrink\" href=\"https:\/\/padellounge.halbooking.dk\/newlook\/proc_varer.asp?gruppe=7\">\n\t\t\t\t\t\t<span class=\"elementor-button-content-wrapper\">\n\t\t\t\t\t\t<span class=\"elementor-button-icon\">\n\t\t\t\t<i aria-hidden=\"true\" class=\"fas fa-external-link-alt\"><\/i>\t\t\t<\/span>\n\t\t\t\t\t\t\t\t\t<span class=\"elementor-button-text\">READ MORE &amp; ORDER<\/span>\n\t\t\t\t\t<\/span>\n\t\t\t\t\t<\/a>\n\t\t\t\t<\/div>\n\t\t\t\t\t\t\t\t<\/div>\n\t\t\t\t<\/div>\n\t\t\t\t<\/div>\n\t\t\t\t\t<\/div>\n\t\t\t\t<\/div>\n\t\t\t\t\t<\/div>\n\t\t<\/div>\n\t\t\t\t\t<\/div>\n\t\t<\/section>\n\t\t\t\t<\/div>\n\t\t\t\t<\/div>\n\t\t\t\t\t\t<\/div>\n\t\t\t\t<\/div>\n\t\t\t\t\t<\/div>\n\t\t\t\t<\/div>\n\t\t\t\t<\/div>","protected":false},"excerpt":{"rendered":"<p>Become a sponsor with us<\/p>","protected":false},"author":1,"featured_media":0,"parent":0,"menu_order":0,"comment_status":"closed","ping_status":"closed","template":"elementor_header_footer","meta":{"_seopress_robots_primary_cat":"","_seopress_titles_title":"Bliv sponsor og styrk f\u00e6llesskabet","_seopress_titles_desc":"St\u00f8t vores arbejde og f\u00e5 eksponering \u2013 bliv sponsor hos os i dag og g\u00f8r en forskel!","_seopress_robots_index":"","footnotes":""},"class_list":["post-5286","page","type-page","status-publish","hentry"],"_links":{"self":[{"href":"https:\/\/padellounge.dk\/en\/wp-json\/wp\/v2\/pages\/5286","targetHints":{"allow":["GET"]}}],"collection":[{"href":"https:\/\/padellounge.dk\/en\/wp-json\/wp\/v2\/pages"}],"about":[{"href":"https:\/\/padellounge.dk\/en\/wp-json\/wp\/v2\/types\/page"}],"author":[{"embeddable":true,"href":"https:\/\/padellounge.dk\/en\/wp-json\/wp\/v2\/users\/1"}],"replies":[{"embeddable":true,"href":"https:\/\/padellounge.dk\/en\/wp-json\/wp\/v2\/comments?post=5286"}],"version-history":[{"count":4,"href":"https:\/\/padellounge.dk\/en\/wp-json\/wp\/v2\/pages\/5286\/revisions"}],"predecessor-version":[{"id":5290,"href":"https:\/\/padellounge.dk\/en\/wp-json\/wp\/v2\/pages\/5286\/revisions\/5290"}],"wp:attachment":[{"href":"https:\/\/padellounge.dk\/en\/wp-json\/wp\/v2\/media?parent=5286"}],"curies":[{"name":"wp","href":"https:\/\/api.w.org\/{rel}","templated":true}]}}