{"id":5291,"date":"2025-10-02T08:57:06","date_gmt":"2025-10-02T07:57:06","guid":{"rendered":"https:\/\/padellounge.dk\/?page_id=5291"},"modified":"2025-10-02T08:57:21","modified_gmt":"2025-10-02T07:57:21","slug":"guldpakke","status":"publish","type":"page","link":"https:\/\/padellounge.dk\/en\/guldpakke\/","title":{"rendered":"Gold package"},"content":{"rendered":"<div data-elementor-type=\"wp-page\" data-elementor-id=\"5291\" class=\"elementor elementor-5291\" data-elementor-post-type=\"page\">\n\t\t\t\t<div class=\"elementor-element elementor-element-fb62d1b e-con-full e-flex e-con e-parent\" data-id=\"fb62d1b\" data-element_type=\"container\" data-e-type=\"container\" data-settings=\"{&quot;background_background&quot;:&quot;classic&quot;}\">\n\t\t\t\t<div class=\"elementor-element elementor-element-c732a88 elementor-widget elementor-widget-heading\" data-id=\"c732a88\" data-element_type=\"widget\" data-e-type=\"widget\" data-widget_type=\"heading.default\">\n\t\t\t\t<div class=\"elementor-widget-container\">\n\t\t\t\t\t<h3 class=\"elementor-heading-title elementor-size-default\">Become a sponsor with us<\/h3>\t\t\t\t<\/div>\n\t\t\t\t<\/div>\n\t\t\t\t<\/div>\n\t\t<div class=\"elementor-element elementor-element-be9e04e e-flex e-con-boxed e-con e-parent\" data-id=\"be9e04e\" data-element_type=\"container\" data-e-type=\"container\">\n\t\t\t\t\t<div class=\"e-con-inner\">\n\t\t\t\t<div class=\"elementor-element elementor-element-ab31284 elementor-widget elementor-widget-template\" data-id=\"ab31284\" data-element_type=\"widget\" data-e-type=\"widget\" data-widget_type=\"template.default\">\n\t\t\t\t<div class=\"elementor-widget-container\">\n\t\t\t\t\t\t\t<div class=\"elementor-template\">\n\t\t\t\t\t<div data-elementor-type=\"page\" data-elementor-id=\"5278\" class=\"elementor elementor-5278\" data-elementor-post-type=\"elementor_library\">\n\t\t\t\t\t\t<section class=\"elementor-section elementor-top-section elementor-element elementor-element-9483fef elementor-section-boxed elementor-section-height-default elementor-section-height-default\" data-id=\"9483fef\" data-element_type=\"section\" data-e-type=\"section\" data-settings=\"{&quot;background_background&quot;:&quot;classic&quot;}\">\n\t\t\t\t\t\t<div class=\"elementor-container elementor-column-gap-default\">\n\t\t\t\t\t<div class=\"elementor-column elementor-col-100 elementor-top-column elementor-element elementor-element-19e14e5\" data-id=\"19e14e5\" data-element_type=\"column\" data-e-type=\"column\">\n\t\t\t<div class=\"elementor-widget-wrap elementor-element-populated\">\n\t\t\t\t\t\t<div class=\"elementor-element elementor-element-f22c7cf elementor-align-center elementor-icon-list--layout-traditional elementor-list-item-link-full_width elementor-widget elementor-widget-icon-list\" data-id=\"f22c7cf\" data-element_type=\"widget\" data-e-type=\"widget\" data-widget_type=\"icon-list.default\">\n\t\t\t\t<div class=\"elementor-widget-container\">\n\t\t\t\t\t\t\t<ul class=\"elementor-icon-list-items\">\n\t\t\t\t\t\t\t<li class=\"elementor-icon-list-item\">\n\t\t\t\t\t\t\t\t\t\t\t<span class=\"elementor-icon-list-icon\">\n\t\t\t\t\t\t\t<svg xmlns=\"http:\/\/www.w3.org\/2000\/svg\" viewbox=\"0 0 247.57 247.56\"><defs><style>.d{fill:#8dc63f;}<\/style><\/defs><g id=\"a\"><\/g><g id=\"b\"><g id=\"c\"><g><path class=\"d\" d=\"M118.11,27.02c0,14.91-12.09,26.99-27,26.99s-27.01-12.08-27.01-26.99S76.19,0,91.11,0s27,12.09,27,27.02Z\"><\/path><path class=\"d\" d=\"M183.2,27.02c0,14.91-12.09,26.99-27.02,26.99s-26.99-12.08-26.99-26.99S141.28,0,156.19,0s27.02,12.09,27.02,27.02Z\"><\/path><path class=\"d\" d=\"M118.11,220.55c0,14.91-12.09,27.01-27,27.01s-27.01-12.09-27.01-27.01,12.1-27,27.01-27,27,12.09,27,27Z\"><\/path><path class=\"d\" d=\"M183.2,220.55c0,14.91-12.09,27.01-27.02,27.01s-26.99-12.09-26.99-27.01,12.09-27,26.99-27,27.02,12.09,27.02,27Z\"><\/path><path class=\"d\" d=\"M118.11,91.04c0,14.91-12.09,27.01-27,27.01s-27.01-12.09-27.01-27.01,12.08-27.02,27.01-27.02,27,12.11,27,27.02Z\"><\/path><path class=\"d\" d=\"M183.2,91.04c0,14.91-12.09,27.01-27.02,27.01s-26.99-12.09-26.99-27.01,12.09-27.02,26.99-27.02,27.02,12.11,27.02,27.02Z\"><\/path><path class=\"d\" d=\"M118.11,156.11c0,14.91-12.09,27.02-27,27.02s-27.01-12.1-27.01-27.02,12.08-27.01,27.01-27.01,27,12.09,27,27.01Z\"><\/path><path class=\"d\" d=\"M183.2,156.11c0,14.91-12.09,27.02-27.02,27.02s-26.99-12.1-26.99-27.02,12.09-27.01,26.99-27.01,27.02,12.09,27.02,27.01Z\"><\/path><path class=\"d\" d=\"M27,129.13c14.91,0,27.01,12.09,27.01,27.02s-12.1,27.01-27.01,27.01S0,171.07,0,156.14s12.09-27.02,27-27.02Z\"><\/path><path class=\"d\" d=\"M27,64.03c14.91,0,27.01,12.11,27.01,27.02s-12.1,27.01-27.01,27.01S0,105.96,0,91.04s12.09-27.02,27-27.02Z\"><\/path><path class=\"d\" d=\"M220.56,129.13c14.92,0,27.01,12.09,27.01,27.02s-12.08,27.01-27.01,27.01-27.01-12.08-27.01-27.01,12.08-27.02,27.01-27.02Z\"><\/path><path class=\"d\" d=\"M220.56,64.03c14.92,0,27.01,12.11,27.01,27.02s-12.08,27.01-27.01,27.01-27.01-12.09-27.01-27.01,12.08-27.02,27.01-27.02Z\"><\/path><\/g><\/g><\/g><\/svg>\t\t\t\t\t\t<\/span>\n\t\t\t\t\t\t\t\t\t\t<span class=\"elementor-icon-list-text\">BECOME A SPONSOR TODAY<\/span>\n\t\t\t\t\t\t\t\t\t<\/li>\n\t\t\t\t\t\t<\/ul>\n\t\t\t\t\t\t<\/div>\n\t\t\t\t<\/div>\n\t\t<div class=\"elementor-element elementor-element-8b3017c e-flex e-con-boxed e-con e-parent\" data-id=\"8b3017c\" data-element_type=\"container\" data-e-type=\"container\">\n\t\t\t\t\t<div class=\"e-con-inner\">\n\t\t<div class=\"elementor-element elementor-element-907b9ae e-con-full e-flex e-con e-child\" data-id=\"907b9ae\" data-element_type=\"container\" data-e-type=\"container\">\n\t\t\t\t<div class=\"elementor-element elementor-element-054f7c3 elementor-widget elementor-widget-heading\" data-id=\"054f7c3\" data-element_type=\"widget\" data-e-type=\"widget\" data-widget_type=\"heading.default\">\n\t\t\t\t<div class=\"elementor-widget-container\">\n\t\t\t\t\t<h2 class=\"elementor-heading-title elementor-size-default\">THE GOLD PACKAGE<\/h2>\t\t\t\t<\/div>\n\t\t\t\t<\/div>\n\t\t\t\t<div class=\"elementor-element elementor-element-6d264bf elementor-widget elementor-widget-image\" data-id=\"6d264bf\" data-element_type=\"widget\" data-e-type=\"widget\" data-widget_type=\"image.default\">\n\t\t\t\t<div class=\"elementor-widget-container\">\n\t\t\t\t\t\t\t\t\t\t\t\t\t\t\t<img fetchpriority=\"high\" decoding=\"async\" width=\"276\" height=\"400\" src=\"https:\/\/eq53msgqj8e.exactdn.com\/wp-content\/uploads\/2025\/08\/guld.png?strip=all\" class=\"attachment-large size-large wp-image-2812\" alt=\"Gyldent prisb\u00e5nd med r\u00f8de b\u00e5nd og laurb\u00e6rkrans\" srcset=\"https:\/\/eq53msgqj8e.exactdn.com\/wp-content\/uploads\/2025\/08\/guld.png?strip=all 276w, https:\/\/eq53msgqj8e.exactdn.com\/wp-content\/uploads\/2025\/08\/guld-207x300.png?strip=all 207w, https:\/\/eq53msgqj8e.exactdn.com\/wp-content\/uploads\/2025\/08\/guld.png?strip=all&amp;w=55 55w, https:\/\/eq53msgqj8e.exactdn.com\/wp-content\/uploads\/2025\/08\/guld.png?strip=all&amp;w=110 110w\" sizes=\"(max-width: 276px) 100vw, 276px\" \/>\t\t\t\t\t\t\t\t\t\t\t\t\t\t\t<\/div>\n\t\t\t\t<\/div>\n\t\t\t\t<\/div>\n\t\t<div class=\"elementor-element elementor-element-cf19a94 e-con-full e-flex e-con e-child\" data-id=\"cf19a94\" data-element_type=\"container\" data-e-type=\"container\">\n\t\t\t\t<div class=\"elementor-element elementor-element-28cbaf1 elementor-widget elementor-widget-text-editor\" data-id=\"28cbaf1\" data-element_type=\"widget\" data-e-type=\"widget\" data-widget_type=\"text-editor.default\">\n\t\t\t\t<div class=\"elementor-widget-container\">\n\t\t\t\t\t\t\t\t\t<p>Maximise visibility with our\u00a0<strong>Gold package<\/strong>\u00a0- The ultimate solution for companies that want strong exposure in the padel community. With this package you get:<\/p><ul><li><strong>Logo on booking page<\/strong>\u00a0- Increase your visibility directly when players book courts<\/li><li><strong>10 logos distributed on tracks<\/strong>\u00a0- Make your brand visible during the game<\/li><li><strong>9,250 coins<\/strong>\u00a0for booking and networking activities<\/li><li><strong>Duration:<\/strong>\u00a012 months<\/li><li><strong>Price:<\/strong>\u00a018,500 DKK (+3,999 DKK in setup)<\/li><\/ul><p>Few\u00a0<strong>The gold package<\/strong>\u00a0as a sponsor for only\u00a0<strong>22,499 kr. excl. VAT<\/strong>.<\/p>\t\t\t\t\t\t\t\t<\/div>\n\t\t\t\t<\/div>\n\t\t\t\t<div class=\"elementor-element elementor-element-dfbc187 elementor-align-left elementor-widget__width-inherit elementor-widget elementor-widget-button\" data-id=\"dfbc187\" data-element_type=\"widget\" data-e-type=\"widget\" data-widget_type=\"button.default\">\n\t\t\t\t<div class=\"elementor-widget-container\">\n\t\t\t\t\t\t\t\t\t<div class=\"elementor-button-wrapper\">\n\t\t\t\t\t<a class=\"elementor-button elementor-button-link elementor-size-sm elementor-animation-shrink\" href=\"https:\/\/padellounge.halbooking.dk\/newlook\/proc_varer.asp?gruppe=7\">\n\t\t\t\t\t\t<span class=\"elementor-button-content-wrapper\">\n\t\t\t\t\t\t<span class=\"elementor-button-icon\">\n\t\t\t\t<i aria-hidden=\"true\" class=\"fas fa-external-link-alt\"><\/i>\t\t\t<\/span>\n\t\t\t\t\t\t\t\t\t<span class=\"elementor-button-text\">READ MORE &amp; ORDER<\/span>\n\t\t\t\t\t<\/span>\n\t\t\t\t\t<\/a>\n\t\t\t\t<\/div>\n\t\t\t\t\t\t\t\t<\/div>\n\t\t\t\t<\/div>\n\t\t\t\t<\/div>\n\t\t\t\t\t<\/div>\n\t\t\t\t<\/div>\n\t\t\t\t\t<\/div>\n\t\t<\/div>\n\t\t\t\t\t<\/div>\n\t\t<\/section>\n\t\t\t\t<\/div>\n\t\t\t\t<\/div>\n\t\t\t\t\t\t<\/div>\n\t\t\t\t<\/div>\n\t\t\t\t\t<\/div>\n\t\t\t\t<\/div>\n\t\t\t\t<\/div>","protected":false},"excerpt":{"rendered":"<p>Become a sponsor with us<\/p>","protected":false},"author":1,"featured_media":0,"parent":0,"menu_order":0,"comment_status":"closed","ping_status":"closed","template":"elementor_header_footer","meta":{"_seopress_robots_primary_cat":"","_seopress_titles_title":"Bliv sponsor og styrk f\u00e6llesskabet","_seopress_titles_desc":"Bliv sponsor hos os og styrk dit brand med en meningsfuld partnerskab. G\u00f8r en forskel og byg varige relationer nu!","_seopress_robots_index":"","footnotes":""},"class_list":["post-5291","page","type-page","status-publish","hentry"],"_links":{"self":[{"href":"https:\/\/padellounge.dk\/en\/wp-json\/wp\/v2\/pages\/5291","targetHints":{"allow":["GET"]}}],"collection":[{"href":"https:\/\/padellounge.dk\/en\/wp-json\/wp\/v2\/pages"}],"about":[{"href":"https:\/\/padellounge.dk\/en\/wp-json\/wp\/v2\/types\/page"}],"author":[{"embeddable":true,"href":"https:\/\/padellounge.dk\/en\/wp-json\/wp\/v2\/users\/1"}],"replies":[{"embeddable":true,"href":"https:\/\/padellounge.dk\/en\/wp-json\/wp\/v2\/comments?post=5291"}],"version-history":[{"count":4,"href":"https:\/\/padellounge.dk\/en\/wp-json\/wp\/v2\/pages\/5291\/revisions"}],"predecessor-version":[{"id":5295,"href":"https:\/\/padellounge.dk\/en\/wp-json\/wp\/v2\/pages\/5291\/revisions\/5295"}],"wp:attachment":[{"href":"https:\/\/padellounge.dk\/en\/wp-json\/wp\/v2\/media?parent=5291"}],"curies":[{"name":"wp","href":"https:\/\/api.w.org\/{rel}","templated":true}]}}