{"id":5371,"date":"2025-11-03T15:45:42","date_gmt":"2025-11-03T14:45:42","guid":{"rendered":"https:\/\/padellounge.dk\/?page_id=5371"},"modified":"2025-11-04T09:37:53","modified_gmt":"2025-11-04T08:37:53","slug":"kontor-lokaler-til-leje-i-padel-center","status":"publish","type":"page","link":"https:\/\/padellounge.dk\/en\/kontor-lokaler-til-leje-i-padel-center\/","title":{"rendered":"Office space for rent in Padel Centre"},"content":{"rendered":"<div data-elementor-type=\"wp-page\" data-elementor-id=\"5371\" class=\"elementor elementor-5371\" data-elementor-post-type=\"page\">\n\t\t\t\t<div class=\"elementor-element elementor-element-5442269 e-con-full e-flex e-con e-parent\" data-id=\"5442269\" data-element_type=\"container\" data-e-type=\"container\" data-settings=\"{&quot;background_background&quot;:&quot;classic&quot;}\">\n\t\t\t\t<div class=\"elementor-element elementor-element-8e84b31 elementor-widget elementor-widget-heading\" data-id=\"8e84b31\" data-element_type=\"widget\" data-e-type=\"widget\" data-widget_type=\"heading.default\">\n\t\t\t\t<div class=\"elementor-widget-container\">\n\t\t\t\t\t<h3 class=\"elementor-heading-title elementor-size-default\">Graham Bells Vej, 8200 \u00c5rhus N\n<\/h3>\t\t\t\t<\/div>\n\t\t\t\t<\/div>\n\t\t\t\t<div class=\"elementor-element elementor-element-3800b60 elementor-widget__width-initial elementor-widget-tablet__width-auto elementor-widget elementor-widget-text-editor\" data-id=\"3800b60\" data-element_type=\"widget\" data-e-type=\"widget\" data-widget_type=\"text-editor.default\">\n\t\t\t\t<div class=\"elementor-widget-container\">\n\t\t\t\t\t\t\t\t\t<p>Office for rent - 242 m2 - DKK 15,000 per month<\/p>\t\t\t\t\t\t\t\t<\/div>\n\t\t\t\t<\/div>\n\t\t\t\t<\/div>\n\t\t<div class=\"elementor-element elementor-element-7732612 e-flex e-con-boxed e-con e-parent\" data-id=\"7732612\" data-element_type=\"container\" data-e-type=\"container\" data-settings=\"{&quot;background_background&quot;:&quot;classic&quot;}\">\n\t\t\t\t\t<div class=\"e-con-inner\">\n\t\t<div class=\"elementor-element elementor-element-cee9842 e-con-full e-flex e-con e-child\" data-id=\"cee9842\" data-element_type=\"container\" data-e-type=\"container\">\n\t\t<div class=\"elementor-element elementor-element-b9ba413 e-con-full e-flex e-con e-child\" data-id=\"b9ba413\" data-element_type=\"container\" data-e-type=\"container\">\n\t\t\t\t<div class=\"elementor-element elementor-element-89b6813 elementor-widget elementor-widget-text-editor\" data-id=\"89b6813\" data-element_type=\"widget\" data-e-type=\"widget\" data-widget_type=\"text-editor.default\">\n\t\t\t\t<div class=\"elementor-widget-container\">\n\t\t\t\t\t\t\t\t\t<div class=\"main-data\"><div id=\"ad_text_content\" class=\"ad-data expanded\"><div class=\"desc\">Discount on padel lessons at the centre.<br \/>Free parking right at the door.<br \/>Available for persuasion right away.<br \/>Meeting room, Kitchen, 2 toilets<br \/>Facilities:<br \/>24\/7 access with code<br \/>No neighbours in the building<br \/>Share building with Padel Centre (opportunity for networking and activities and great discounts in the Padel Centre)<br \/>Location:<br \/>Close to the E45 motorway and the Light Rail - easy access for both car and public transport.<br \/>Rental conditions:<br \/>Monthly rent: 15.000,- excl. VAT<br \/>Deposit: 3 months rent<br \/>Available for persuasion as soon as possible.<br \/>Images:<br \/>Includes 6 visual inspiration images of how the interior might look (the room does not currently appear as shown in the images).<\/div><div>\u00a0<\/div><div class=\"seo\"><p><strong>Information and data<\/strong><\/p><div><p>This office space is located in \u00c5rhus N. \u00c5rhus N has the postcode 8200, and is located in the municipality of Aarhus, which is part of Aarhus. The space is 242 m2 in total. You can rent this office space for DKK 180,000 per year.<\/p><\/div><\/div><\/div><\/div>\t\t\t\t\t\t\t\t<\/div>\n\t\t\t\t<\/div>\n\t\t\t\t<\/div>\n\t\t<div class=\"elementor-element elementor-element-fd6481a e-con-full e-flex e-con e-child\" data-id=\"fd6481a\" data-element_type=\"container\" data-e-type=\"container\">\n\t\t\t\t<div class=\"elementor-element elementor-element-4fdfe98 elementor-icon-list--layout-traditional elementor-list-item-link-full_width elementor-widget elementor-widget-icon-list\" data-id=\"4fdfe98\" data-element_type=\"widget\" data-e-type=\"widget\" data-widget_type=\"icon-list.default\">\n\t\t\t\t<div class=\"elementor-widget-container\">\n\t\t\t\t\t\t\t<ul class=\"elementor-icon-list-items\">\n\t\t\t\t\t\t\t<li class=\"elementor-icon-list-item\">\n\t\t\t\t\t\t\t\t\t\t\t<span class=\"elementor-icon-list-icon\">\n\t\t\t\t\t\t\t<i aria-hidden=\"true\" class=\"fas fa-check-circle\"><\/i>\t\t\t\t\t\t<\/span>\n\t\t\t\t\t\t\t\t\t\t<span class=\"elementor-icon-list-text\">Free parking right at the door<\/span>\n\t\t\t\t\t\t\t\t\t<\/li>\n\t\t\t\t\t\t\t\t<li class=\"elementor-icon-list-item\">\n\t\t\t\t\t\t\t\t\t\t\t<span class=\"elementor-icon-list-icon\">\n\t\t\t\t\t\t\t<i aria-hidden=\"true\" class=\"fas fa-check-circle\"><\/i>\t\t\t\t\t\t<\/span>\n\t\t\t\t\t\t\t\t\t\t<span class=\"elementor-icon-list-text\">24\/7 access with code<\/span>\n\t\t\t\t\t\t\t\t\t<\/li>\n\t\t\t\t\t\t\t\t<li class=\"elementor-icon-list-item\">\n\t\t\t\t\t\t\t\t\t\t\t<span class=\"elementor-icon-list-icon\">\n\t\t\t\t\t\t\t<i aria-hidden=\"true\" class=\"fas fa-check-circle\"><\/i>\t\t\t\t\t\t<\/span>\n\t\t\t\t\t\t\t\t\t\t<span class=\"elementor-icon-list-text\">No neighbours in the building<\/span>\n\t\t\t\t\t\t\t\t\t<\/li>\n\t\t\t\t\t\t\t\t<li class=\"elementor-icon-list-item\">\n\t\t\t\t\t\t\t\t\t\t\t<span class=\"elementor-icon-list-icon\">\n\t\t\t\t\t\t\t<i aria-hidden=\"true\" class=\"fas fa-check-circle\"><\/i>\t\t\t\t\t\t<\/span>\n\t\t\t\t\t\t\t\t\t\t<span class=\"elementor-icon-list-text\">Close to the E45 motorway and the Light Rail<\/span>\n\t\t\t\t\t\t\t\t\t<\/li>\n\t\t\t\t\t\t\t\t<li class=\"elementor-icon-list-item\">\n\t\t\t\t\t\t\t\t\t\t\t<span class=\"elementor-icon-list-icon\">\n\t\t\t\t\t\t\t<i aria-hidden=\"true\" class=\"fas fa-check-circle\"><\/i>\t\t\t\t\t\t<\/span>\n\t\t\t\t\t\t\t\t\t\t<span class=\"elementor-icon-list-text\">Available for persuasion as soon as possible<\/span>\n\t\t\t\t\t\t\t\t\t<\/li>\n\t\t\t\t\t\t<\/ul>\n\t\t\t\t\t\t<\/div>\n\t\t\t\t<\/div>\n\t\t\t\t<div class=\"elementor-element elementor-element-7d24474 elementor-widget elementor-widget-gallery\" data-id=\"7d24474\" data-element_type=\"widget\" data-e-type=\"widget\" data-settings=\"{&quot;aspect_ratio&quot;:&quot;4:3&quot;,&quot;lazyload&quot;:&quot;yes&quot;,&quot;gallery_layout&quot;:&quot;grid&quot;,&quot;columns&quot;:4,&quot;columns_tablet&quot;:2,&quot;columns_mobile&quot;:1,&quot;gap&quot;:{&quot;unit&quot;:&quot;px&quot;,&quot;size&quot;:10,&quot;sizes&quot;:[]},&quot;gap_tablet&quot;:{&quot;unit&quot;:&quot;px&quot;,&quot;size&quot;:10,&quot;sizes&quot;:[]},&quot;gap_mobile&quot;:{&quot;unit&quot;:&quot;px&quot;,&quot;size&quot;:10,&quot;sizes&quot;:[]},&quot;link_to&quot;:&quot;file&quot;,&quot;overlay_background&quot;:&quot;yes&quot;,&quot;content_hover_animation&quot;:&quot;fade-in&quot;}\" data-widget_type=\"gallery.default\">\n\t\t\t\t<div class=\"elementor-widget-container\">\n\t\t\t\t\t\t\t<div class=\"elementor-gallery__container\">\n\t\t\t\t\t\t\t<a class=\"e-gallery-item elementor-gallery-item elementor-animated-content\" href=\"https:\/\/eq53msgqj8e.exactdn.com\/wp-content\/uploads\/2025\/11\/7D82A32D-509C-48EA-8E0B-354D353139A8.jpg?strip=all\" data-elementor-open-lightbox=\"yes\" data-elementor-lightbox-slideshow=\"7d24474\" data-elementor-lightbox-title=\"7D82A32D-509C-48EA-8E0B-354D353139A8\" data-e-action-hash=\"#elementor-action%3Aaction%3Dlightbox%26settings%3DeyJpZCI6NTM4MiwidXJsIjoiaHR0cHM6XC9cL3BhZGVsbG91bmdlLmRrXC93cC1jb250ZW50XC91cGxvYWRzXC8yMDI1XC8xMVwvN0Q4MkEzMkQtNTA5Qy00OEVBLThFMEItMzU0RDM1MzEzOUE4LmpwZyIsInNsaWRlc2hvdyI6IjdkMjQ0NzQifQ%3D%3D\">\n\t\t\t\t\t<div class=\"e-gallery-image elementor-gallery-item__image\" data-thumbnail=\"https:\/\/padellounge.dk\/wp-content\/uploads\/2025\/11\/7D82A32D-509C-48EA-8E0B-354D353139A8-768x1152.jpg\" data-width=\"768\" data-height=\"1152\" aria-label=\"Bright minimalist kitchen with wooden worktop and black tap\" role=\"img\" ><\/div>\n\t\t\t\t\t\t\t\t\t\t\t<div class=\"elementor-gallery-item__overlay\"><\/div>\n\t\t\t\t\t\t\t\t\t\t\t\t\t\t<\/a>\n\t\t\t\t\t\t\t<a class=\"e-gallery-item elementor-gallery-item elementor-animated-content\" href=\"https:\/\/eq53msgqj8e.exactdn.com\/wp-content\/uploads\/2025\/11\/68AAB6B7-E6EE-4740-A790-A84A709D9CE1.jpg?strip=all\" data-elementor-open-lightbox=\"yes\" data-elementor-lightbox-slideshow=\"7d24474\" data-elementor-lightbox-title=\"68AAB6B7-E6EE-4740-A790-A84A709D9CE1\" data-e-action-hash=\"#elementor-action%3Aaction%3Dlightbox%26settings%3DeyJpZCI6NTM4MywidXJsIjoiaHR0cHM6XC9cL3BhZGVsbG91bmdlLmRrXC93cC1jb250ZW50XC91cGxvYWRzXC8yMDI1XC8xMVwvNjhBQUI2QjctRTZFRS00NzQwLUE3OTAtQTg0QTcwOUQ5Q0UxLmpwZyIsInNsaWRlc2hvdyI6IjdkMjQ0NzQifQ%3D%3D\">\n\t\t\t\t\t<div class=\"e-gallery-image elementor-gallery-item__image\" data-thumbnail=\"https:\/\/padellounge.dk\/wp-content\/uploads\/2025\/11\/68AAB6B7-E6EE-4740-A790-A84A709D9CE1-768x1152.jpg\" data-width=\"768\" data-height=\"1152\" aria-label=\"Modern office with sofa and desks\" role=\"img\" ><\/div>\n\t\t\t\t\t\t\t\t\t\t\t<div class=\"elementor-gallery-item__overlay\"><\/div>\n\t\t\t\t\t\t\t\t\t\t\t\t\t\t<\/a>\n\t\t\t\t\t\t\t<a class=\"e-gallery-item elementor-gallery-item elementor-animated-content\" href=\"https:\/\/eq53msgqj8e.exactdn.com\/wp-content\/uploads\/2025\/11\/62921585-99D0-4221-931A-45B922300764.jpg?strip=all\" data-elementor-open-lightbox=\"yes\" data-elementor-lightbox-slideshow=\"7d24474\" data-elementor-lightbox-title=\"62921585-99D0-4221-931A-45B922300764\" data-e-action-hash=\"#elementor-action%3Aaction%3Dlightbox%26settings%3DeyJpZCI6NTM4NCwidXJsIjoiaHR0cHM6XC9cL3BhZGVsbG91bmdlLmRrXC93cC1jb250ZW50XC91cGxvYWRzXC8yMDI1XC8xMVwvNjI5MjE1ODUtOTlEMC00MjIxLTkzMUEtNDVCOTIyMzAwNzY0LmpwZyIsInNsaWRlc2hvdyI6IjdkMjQ0NzQifQ%3D%3D\">\n\t\t\t\t\t<div class=\"e-gallery-image elementor-gallery-item__image\" data-thumbnail=\"https:\/\/padellounge.dk\/wp-content\/uploads\/2025\/11\/62921585-99D0-4221-931A-45B922300764-768x1152.jpg\" data-width=\"768\" data-height=\"1152\" aria-label=\"Modern office with natural light and minimalist decor\" role=\"img\" ><\/div>\n\t\t\t\t\t\t\t\t\t\t\t<div class=\"elementor-gallery-item__overlay\"><\/div>\n\t\t\t\t\t\t\t\t\t\t\t\t\t\t<\/a>\n\t\t\t\t\t\t\t<a class=\"e-gallery-item elementor-gallery-item elementor-animated-content\" href=\"https:\/\/eq53msgqj8e.exactdn.com\/wp-content\/uploads\/2025\/11\/ABEAC2B5-F9B1-46E4-A74D-2C3264CF5DA0.jpg?strip=all\" data-elementor-open-lightbox=\"yes\" data-elementor-lightbox-slideshow=\"7d24474\" data-elementor-lightbox-title=\"ABEAC2B5-F9B1-46E4-A74D-2C3264CF5DA0\" data-e-action-hash=\"#elementor-action%3Aaction%3Dlightbox%26settings%3DeyJpZCI6NTM4NSwidXJsIjoiaHR0cHM6XC9cL3BhZGVsbG91bmdlLmRrXC93cC1jb250ZW50XC91cGxvYWRzXC8yMDI1XC8xMVwvQUJFQUMyQjUtRjlCMS00NkU0LUE3NEQtMkMzMjY0Q0Y1REEwLmpwZyIsInNsaWRlc2hvdyI6IjdkMjQ0NzQifQ%3D%3D\">\n\t\t\t\t\t<div class=\"e-gallery-image elementor-gallery-item__image\" data-thumbnail=\"https:\/\/padellounge.dk\/wp-content\/uploads\/2025\/11\/ABEAC2B5-F9B1-46E4-A74D-2C3264CF5DA0-768x1152.jpg\" data-width=\"768\" data-height=\"1152\" aria-label=\"Minimalist living room with light wood furniture and carpet\" role=\"img\" ><\/div>\n\t\t\t\t\t\t\t\t\t\t\t<div class=\"elementor-gallery-item__overlay\"><\/div>\n\t\t\t\t\t\t\t\t\t\t\t\t\t\t<\/a>\n\t\t\t\t\t\t\t<a class=\"e-gallery-item elementor-gallery-item elementor-animated-content\" href=\"https:\/\/eq53msgqj8e.exactdn.com\/wp-content\/uploads\/2025\/11\/DC6E0DA8-BE63-4590-A157-7A9C7C0C98AF.jpg?strip=all\" data-elementor-open-lightbox=\"yes\" data-elementor-lightbox-slideshow=\"7d24474\" data-elementor-lightbox-title=\"DC6E0DA8-BE63-4590-A157-7A9C7C0C98AF\" data-e-action-hash=\"#elementor-action%3Aaction%3Dlightbox%26settings%3DeyJpZCI6NTM4NiwidXJsIjoiaHR0cHM6XC9cL3BhZGVsbG91bmdlLmRrXC93cC1jb250ZW50XC91cGxvYWRzXC8yMDI1XC8xMVwvREM2RTBEQTgtQkU2My00NTkwLUExNTctN0E5QzdDMEM5OEFGLmpwZyIsInNsaWRlc2hvdyI6IjdkMjQ0NzQifQ%3D%3D\">\n\t\t\t\t\t<div class=\"e-gallery-image elementor-gallery-item__image\" data-thumbnail=\"https:\/\/padellounge.dk\/wp-content\/uploads\/2025\/11\/DC6E0DA8-BE63-4590-A157-7A9C7C0C98AF-768x1152.jpg\" data-width=\"768\" data-height=\"1152\" aria-label=\"Modern bathroom with wooden table and round mirror\" role=\"img\" ><\/div>\n\t\t\t\t\t\t\t\t\t\t\t<div class=\"elementor-gallery-item__overlay\"><\/div>\n\t\t\t\t\t\t\t\t\t\t\t\t\t\t<\/a>\n\t\t\t\t\t\t\t<a class=\"e-gallery-item elementor-gallery-item elementor-animated-content\" href=\"https:\/\/eq53msgqj8e.exactdn.com\/wp-content\/uploads\/2025\/11\/6B4ED5B1-155A-4CDA-A9F6-A94E2D185BDB.jpg?strip=all\" data-elementor-open-lightbox=\"yes\" data-elementor-lightbox-slideshow=\"7d24474\" data-elementor-lightbox-title=\"6B4ED5B1-155A-4CDA-A9F6-A94E2D185BDB\" data-e-action-hash=\"#elementor-action%3Aaction%3Dlightbox%26settings%3DeyJpZCI6NTM4NywidXJsIjoiaHR0cHM6XC9cL3BhZGVsbG91bmdlLmRrXC93cC1jb250ZW50XC91cGxvYWRzXC8yMDI1XC8xMVwvNkI0RUQ1QjEtMTU1QS00Q0RBLUE5RjYtQTk0RTJEMTg1QkRCLmpwZyIsInNsaWRlc2hvdyI6IjdkMjQ0NzQifQ%3D%3D\">\n\t\t\t\t\t<div class=\"e-gallery-image elementor-gallery-item__image\" data-thumbnail=\"https:\/\/padellounge.dk\/wp-content\/uploads\/2025\/11\/6B4ED5B1-155A-4CDA-A9F6-A94E2D185BDB-768x512.jpg\" data-width=\"768\" data-height=\"512\" aria-label=\"Modern office with meeting table and sofa area\" role=\"img\" ><\/div>\n\t\t\t\t\t\t\t\t\t\t\t<div class=\"elementor-gallery-item__overlay\"><\/div>\n\t\t\t\t\t\t\t\t\t\t\t\t\t\t<\/a>\n\t\t\t\t\t<\/div>\n\t\t\t\t\t<\/div>\n\t\t\t\t<\/div>\n\t\t\t\t<\/div>\n\t\t\t\t<\/div>\n\t\t\t\t\t<\/div>\n\t\t\t\t<\/div>\n\t\t\t\t<\/div>","protected":false},"excerpt":{"rendered":"<p>Graham Bells Vej, 8200 \u00c5rhus N Kontor til leje &#8211; 242 m2 &#8211; 15.000 kr. per m\u00e5ned Rabat p\u00e5 padel timer i centeret.Gratis parkering lige ved d\u00f8ren.Ledig til overtalelse med det samme.M\u00f8delokale, K\u00f8kken, 2 toiletterFaciliteter:24\/7 adgang med kodeIngen naboer i bygningenDel bygning med padelcenter (mulighed for netv\u00e6rk og aktiviteter og gode rabatter i Padel Centeret)Placering:T\u00e6t [&hellip;]<\/p>\n","protected":false},"author":1,"featured_media":0,"parent":0,"menu_order":0,"comment_status":"closed","ping_status":"closed","template":"elementor_header_footer","meta":{"_seopress_robots_primary_cat":"","_seopress_titles_title":"Kontorlokale til leje i Aarhus N \u2013 Padel Lounge Center","_seopress_titles_desc":"Lej kontor i Aarhus N med gratis parkering, 24\/7 adgang, k\u00f8kken og lounge. T\u00e6t p\u00e5 E45 og Letbanen. Hurtig overtagelse.","_seopress_robots_index":"","footnotes":""},"class_list":["post-5371","page","type-page","status-publish","hentry"],"_links":{"self":[{"href":"https:\/\/padellounge.dk\/en\/wp-json\/wp\/v2\/pages\/5371","targetHints":{"allow":["GET"]}}],"collection":[{"href":"https:\/\/padellounge.dk\/en\/wp-json\/wp\/v2\/pages"}],"about":[{"href":"https:\/\/padellounge.dk\/en\/wp-json\/wp\/v2\/types\/page"}],"author":[{"embeddable":true,"href":"https:\/\/padellounge.dk\/en\/wp-json\/wp\/v2\/users\/1"}],"replies":[{"embeddable":true,"href":"https:\/\/padellounge.dk\/en\/wp-json\/wp\/v2\/comments?post=5371"}],"version-history":[{"count":17,"href":"https:\/\/padellounge.dk\/en\/wp-json\/wp\/v2\/pages\/5371\/revisions"}],"predecessor-version":[{"id":5395,"href":"https:\/\/padellounge.dk\/en\/wp-json\/wp\/v2\/pages\/5371\/revisions\/5395"}],"wp:attachment":[{"href":"https:\/\/padellounge.dk\/en\/wp-json\/wp\/v2\/media?parent=5371"}],"curies":[{"name":"wp","href":"https:\/\/api.w.org\/{rel}","templated":true}]}}